{"id":2490,"date":"2020-01-04T00:53:01","date_gmt":"2020-01-03T21:53:01","guid":{"rendered":"http:\/\/metingroup.com\/?page_id=2490"},"modified":"2020-01-04T00:58:14","modified_gmt":"2020-01-03T21:58:14","slug":"dienstleistungen","status":"publish","type":"page","link":"https:\/\/metingroup.com.tr\/de\/dienstleistungen\/","title":{"rendered":"Dienstleistungen"},"content":{"rendered":"<p>[vc_row css=&#8220;.vc_custom_1449137312762{margin-bottom: 40px !important;}&#8220;][vc_column offset=&#8220;vc_col-lg-4 vc_col-md-4&#8243; css=&#8220;.vc_custom_1449137321169{margin-bottom: 40px !important;}&#8220;][vc_column_text]<\/p>\n<h2>Unsere Leistungen<\/h2>\n<div id=\"gtx-trans\" style=\"position: absolute; left: -74px; top: 51.9063px;\">\n<div class=\"gtx-trans-icon\"><\/div>\n<\/div>\n<p>[\/vc_column_text][\/vc_column][vc_column offset=&#8220;vc_col-lg-8 vc_col-md-8&#8243;][vc_column_text]Wir betreuen Sie seit vielen Jahren in den Bereichen Logistik, Transport , Lagerhaltung und Lagerhaltung, begleitet von unseren professionellen Mitarbeitern, die Experten auf Ihren Gebieten sind. Wir erf\u00fcllen alle Anforderungen eines zuverl\u00e4ssigen, schnellen, zeitgem\u00e4\u00dfen und technologisch unterst\u00fctzten logistikdienstes bestm\u00f6glich.<\/p>\n<p>&#8222;Logistik ist die richtige Bewegung zur richtigen Zeit zu machen, machen Sie den richtigen Schritt.&#8220;[\/vc_column_text][\/vc_column][\/vc_row][vc_row css=&#8220;.vc_custom_1448358695952{margin-bottom: 40px !important;}&#8220;][vc_column][stm_services_grid posts_per_page=&#8220;15&#8243; posts_per_row=&#8220;3&#8243;][\/vc_column][\/vc_row][vc_row full_width=&#8220;stretch_row_content_no_spaces&#8220; el_class=&#8220;secondary_bg_color convert_to_table services_icons&#8220; css=&#8220;.vc_custom_1449204239642{margin-bottom: 0px !important;}&#8220;][vc_column css=&#8220;.vc_custom_1449204255225{padding-top: 75px !important;padding-right: 115px !important;padding-bottom: 75px !important;padding-left: 115px !important;}&#8220; offset=&#8220;vc_col-lg-4 vc_col-md-4&#8243;][stm_icon icon_size=&#8220;67&#8243; icon_height=&#8220;90&#8243; title_font_size=&#8220;24&#8243; title_font_weight=&#8220;700&#8243; align=&#8220;center&#8220; icon=&#8220;stm-security&#8220; title=&#8220;Sicher&#8220; icon_color=&#8220;#ffffff&#8220; title_color=&#8220;#ffffff&#8220; text_color=&#8220;#ffffff&#8220; text=&#8220;Metin Group bietet effizienten service f\u00fcr alle Ziele mit seiner zuverl\u00e4ssigen und professionellen Netzwerkkapazit\u00e4t.&#8220;][\/vc_column][vc_column css=&#8220;.vc_custom_1449204260881{padding-top: 75px !important;padding-right: 115px !important;padding-bottom: 75px !important;padding-left: 115px !important;background-color: rgba(0,0,0,0.1) !important;*background-color: rgb(0,0,0) !important;}&#8220; offset=&#8220;vc_col-lg-4 vc_col-md-4&#8243;][stm_icon icon_size=&#8220;67&#8243; icon_height=&#8220;90&#8243; title_font_size=&#8220;24&#8243; title_font_weight=&#8220;700&#8243; align=&#8220;center&#8220; icon=&#8220;stm-fast-delivery&#8220; title=&#8220;Schnelle Logistik&#8220; icon_color=&#8220;#ffffff&#8220; title_color=&#8220;#ffffff&#8220; text_color=&#8220;#ffffff&#8220; text=&#8220;Schneller und ununterbrochener Service auf Stra\u00dfe, Luft, Meer, kombinierten Verkehr und alle Lagerdienste.&#8220;][\/vc_column][vc_column css=&#8220;.vc_custom_1449204266169{padding-top: 75px !important;padding-right: 115px !important;padding-bottom: 75px !important;padding-left: 115px !important;background-color: rgba(0,0,0,0.2) !important;*background-color: rgb(0,0,0) !important;}&#8220; offset=&#8220;vc_col-lg-4 vc_col-md-4&#8243;][stm_icon icon_size=&#8220;67&#8243; icon_height=&#8220;90&#8243; title_font_size=&#8220;24&#8243; title_font_weight=&#8220;700&#8243; align=&#8220;center&#8220; icon=&#8220;stm-support&#8220; title=&#8220;24\/7 support&#8220; text=&#8220;24 Stunden am Tag Kommunikation Unterst\u00fctzung, die M\u00f6glichkeit, die notwendigen Informationen und vor-Ort-fahrzeugzuteilung nach Bedarf und vor-Ort-support-service zu erhalten&#8220; icon_color=&#8220;#ffffff&#8220; title_color=&#8220;#ffffff&#8220; text_color=&#8220;#ffffff&#8220;][\/vc_column][\/vc_row]<\/p>\n","protected":false},"excerpt":{"rendered":"<p>[vc_row css=&#8220;.vc_custom_1449137312762{margin-bottom: 40px !important;}&#8220;][vc_column offset=&#8220;vc_col-lg-4 vc_col-md-4&#8243; css=&#8220;.vc_custom_1449137321169{margin-bottom: 40px !important;}&#8220;][vc_column_text] Unsere Leistungen [\/vc_column_text][\/vc_column][vc_column offset=&#8220;vc_col-lg-8 vc_col-md-8&#8243;][vc_column_text]Wir betreuen Sie seit vielen Jahren in den Bereichen Logistik, Transport , Lagerhaltung und Lagerhaltung, begleitet von unseren professionellen Mitarbeitern,&#8230;<\/p>\n","protected":false},"author":1,"featured_media":0,"parent":0,"menu_order":0,"comment_status":"closed","ping_status":"closed","template":"","meta":[],"yoast_head":"<!-- This site is optimized with the Yoast SEO plugin v20.10 - https:\/\/yoast.com\/wordpress\/plugins\/seo\/ -->\n<title>Dienstleistungen - Metin Group<\/title>\n<meta name=\"robots\" content=\"index, follow, max-snippet:-1, max-image-preview:large, max-video-preview:-1\" \/>\n<link rel=\"canonical\" href=\"https:\/\/metingroup.com.tr\/hizmetlerimiz\/\" \/>\n<meta property=\"og:locale\" content=\"de_DE\" \/>\n<meta property=\"og:type\" content=\"article\" \/>\n<meta property=\"og:title\" content=\"Dienstleistungen - Metin Group\" \/>\n<meta property=\"og:description\" content=\"[vc_row css=&#8220;.vc_custom_1449137312762{margin-bottom: 40px !important;}&#8220;][vc_column offset=&#8220;vc_col-lg-4 vc_col-md-4&#8243; css=&#8220;.vc_custom_1449137321169{margin-bottom: 40px !important;}&#8220;][vc_column_text] Unsere Leistungen [\/vc_column_text][\/vc_column][vc_column offset=&#8220;vc_col-lg-8 vc_col-md-8&#8243;][vc_column_text]Wir betreuen Sie seit vielen Jahren in den Bereichen Logistik, Transport , Lagerhaltung und Lagerhaltung, begleitet von unseren professionellen Mitarbeitern,...\" \/>\n<meta property=\"og:url\" content=\"https:\/\/metingroup.com.tr\/hizmetlerimiz\/\" \/>\n<meta property=\"og:site_name\" content=\"Metin Group\" \/>\n<meta property=\"article:modified_time\" content=\"2020-01-03T21:58:14+00:00\" \/>\n<meta name=\"twitter:card\" content=\"summary_large_image\" \/>\n<meta name=\"twitter:label1\" content=\"Gesch\u00e4tzte Lesezeit\" \/>\n\t<meta name=\"twitter:data1\" content=\"2 Minuten\" \/>\n<script type=\"application\/ld+json\" class=\"yoast-schema-graph\">{\"@context\":\"https:\/\/schema.org\",\"@graph\":[{\"@type\":\"WebPage\",\"@id\":\"https:\/\/metingroup.com.tr\/hizmetlerimiz\/\",\"url\":\"https:\/\/metingroup.com.tr\/hizmetlerimiz\/\",\"name\":\"Dienstleistungen - Metin Group\",\"isPartOf\":{\"@id\":\"https:\/\/metingroup.com.tr\/#website\"},\"datePublished\":\"2020-01-03T21:53:01+00:00\",\"dateModified\":\"2020-01-03T21:58:14+00:00\",\"breadcrumb\":{\"@id\":\"https:\/\/metingroup.com.tr\/hizmetlerimiz\/#breadcrumb\"},\"inLanguage\":\"de-DE\",\"potentialAction\":[{\"@type\":\"ReadAction\",\"target\":[\"https:\/\/metingroup.com.tr\/hizmetlerimiz\/\"]}]},{\"@type\":\"BreadcrumbList\",\"@id\":\"https:\/\/metingroup.com.tr\/hizmetlerimiz\/#breadcrumb\",\"itemListElement\":[{\"@type\":\"ListItem\",\"position\":1,\"name\":\"Ana sayfa\",\"item\":\"https:\/\/metingroup.com.tr\/de\/\"},{\"@type\":\"ListItem\",\"position\":2,\"name\":\"Dienstleistungen\"}]},{\"@type\":\"WebSite\",\"@id\":\"https:\/\/metingroup.com.tr\/#website\",\"url\":\"https:\/\/metingroup.com.tr\/\",\"name\":\"Metin Group\",\"description\":\"Uluslararas\u0131 Ta\u015f\u0131mac\u0131l\u0131k\",\"publisher\":{\"@id\":\"https:\/\/metingroup.com.tr\/#organization\"},\"potentialAction\":[{\"@type\":\"SearchAction\",\"target\":{\"@type\":\"EntryPoint\",\"urlTemplate\":\"https:\/\/metingroup.com.tr\/?s={search_term_string}\"},\"query-input\":\"required name=search_term_string\"}],\"inLanguage\":\"de-DE\"},{\"@type\":\"Organization\",\"@id\":\"https:\/\/metingroup.com.tr\/#organization\",\"name\":\"Metin Group\",\"url\":\"https:\/\/metingroup.com.tr\/\",\"logo\":{\"@type\":\"ImageObject\",\"inLanguage\":\"de-DE\",\"@id\":\"https:\/\/metingroup.com.tr\/#\/schema\/logo\/image\/\",\"url\":\"https:\/\/metingroup.com.tr\/wp-content\/uploads\/2023\/07\/logo.png\",\"contentUrl\":\"https:\/\/metingroup.com.tr\/wp-content\/uploads\/2023\/07\/logo.png\",\"width\":250,\"height\":60,\"caption\":\"Metin Group\"},\"image\":{\"@id\":\"https:\/\/metingroup.com.tr\/#\/schema\/logo\/image\/\"}}]}<\/script>\n<!-- \/ Yoast SEO plugin. -->","yoast_head_json":{"title":"Dienstleistungen - Metin Group","robots":{"index":"index","follow":"follow","max-snippet":"max-snippet:-1","max-image-preview":"max-image-preview:large","max-video-preview":"max-video-preview:-1"},"canonical":"https:\/\/metingroup.com.tr\/hizmetlerimiz\/","og_locale":"de_DE","og_type":"article","og_title":"Dienstleistungen - Metin Group","og_description":"[vc_row css=&#8220;.vc_custom_1449137312762{margin-bottom: 40px !important;}&#8220;][vc_column offset=&#8220;vc_col-lg-4 vc_col-md-4&#8243; css=&#8220;.vc_custom_1449137321169{margin-bottom: 40px !important;}&#8220;][vc_column_text] Unsere Leistungen [\/vc_column_text][\/vc_column][vc_column offset=&#8220;vc_col-lg-8 vc_col-md-8&#8243;][vc_column_text]Wir betreuen Sie seit vielen Jahren in den Bereichen Logistik, Transport , Lagerhaltung und Lagerhaltung, begleitet von unseren professionellen Mitarbeitern,...","og_url":"https:\/\/metingroup.com.tr\/hizmetlerimiz\/","og_site_name":"Metin Group","article_modified_time":"2020-01-03T21:58:14+00:00","twitter_card":"summary_large_image","twitter_misc":{"Gesch\u00e4tzte Lesezeit":"2 Minuten"},"schema":{"@context":"https:\/\/schema.org","@graph":[{"@type":"WebPage","@id":"https:\/\/metingroup.com.tr\/hizmetlerimiz\/","url":"https:\/\/metingroup.com.tr\/hizmetlerimiz\/","name":"Dienstleistungen - Metin Group","isPartOf":{"@id":"https:\/\/metingroup.com.tr\/#website"},"datePublished":"2020-01-03T21:53:01+00:00","dateModified":"2020-01-03T21:58:14+00:00","breadcrumb":{"@id":"https:\/\/metingroup.com.tr\/hizmetlerimiz\/#breadcrumb"},"inLanguage":"de-DE","potentialAction":[{"@type":"ReadAction","target":["https:\/\/metingroup.com.tr\/hizmetlerimiz\/"]}]},{"@type":"BreadcrumbList","@id":"https:\/\/metingroup.com.tr\/hizmetlerimiz\/#breadcrumb","itemListElement":[{"@type":"ListItem","position":1,"name":"Ana sayfa","item":"https:\/\/metingroup.com.tr\/de\/"},{"@type":"ListItem","position":2,"name":"Dienstleistungen"}]},{"@type":"WebSite","@id":"https:\/\/metingroup.com.tr\/#website","url":"https:\/\/metingroup.com.tr\/","name":"Metin Group","description":"Uluslararas\u0131 Ta\u015f\u0131mac\u0131l\u0131k","publisher":{"@id":"https:\/\/metingroup.com.tr\/#organization"},"potentialAction":[{"@type":"SearchAction","target":{"@type":"EntryPoint","urlTemplate":"https:\/\/metingroup.com.tr\/?s={search_term_string}"},"query-input":"required name=search_term_string"}],"inLanguage":"de-DE"},{"@type":"Organization","@id":"https:\/\/metingroup.com.tr\/#organization","name":"Metin Group","url":"https:\/\/metingroup.com.tr\/","logo":{"@type":"ImageObject","inLanguage":"de-DE","@id":"https:\/\/metingroup.com.tr\/#\/schema\/logo\/image\/","url":"https:\/\/metingroup.com.tr\/wp-content\/uploads\/2023\/07\/logo.png","contentUrl":"https:\/\/metingroup.com.tr\/wp-content\/uploads\/2023\/07\/logo.png","width":250,"height":60,"caption":"Metin Group"},"image":{"@id":"https:\/\/metingroup.com.tr\/#\/schema\/logo\/image\/"}}]}},"_links":{"self":[{"href":"https:\/\/metingroup.com.tr\/de\/wp-json\/wp\/v2\/pages\/2490"}],"collection":[{"href":"https:\/\/metingroup.com.tr\/de\/wp-json\/wp\/v2\/pages"}],"about":[{"href":"https:\/\/metingroup.com.tr\/de\/wp-json\/wp\/v2\/types\/page"}],"author":[{"embeddable":true,"href":"https:\/\/metingroup.com.tr\/de\/wp-json\/wp\/v2\/users\/1"}],"replies":[{"embeddable":true,"href":"https:\/\/metingroup.com.tr\/de\/wp-json\/wp\/v2\/comments?post=2490"}],"version-history":[{"count":3,"href":"https:\/\/metingroup.com.tr\/de\/wp-json\/wp\/v2\/pages\/2490\/revisions"}],"predecessor-version":[{"id":2492,"href":"https:\/\/metingroup.com.tr\/de\/wp-json\/wp\/v2\/pages\/2490\/revisions\/2492"}],"wp:attachment":[{"href":"https:\/\/metingroup.com.tr\/de\/wp-json\/wp\/v2\/media?parent=2490"}],"curies":[{"name":"wp","href":"https:\/\/api.w.org\/{rel}","templated":true}]}}