{"id":2522,"date":"2020-01-04T20:58:41","date_gmt":"2020-01-04T17:58:41","guid":{"rendered":"http:\/\/metingroup.com\/?page_id=2522"},"modified":"2020-01-11T23:48:38","modified_gmt":"2020-01-11T20:48:38","slug":"personalpolitik","status":"publish","type":"page","link":"https:\/\/metingroup.com.tr\/de\/personalpolitik\/","title":{"rendered":"Personalpolitik"},"content":{"rendered":"<p>[vc_row][vc_column width=&#8220;1\/2&#8243;][vc_column_text]<\/p>\n<h2>Personalpolitik<\/h2>\n<div id=\"gtx-trans\" style=\"position: absolute; left: -9px; top: 51.9063px;\">\n<div class=\"gtx-trans-icon\"><\/div>\n<\/div>\n<p>[\/vc_column_text][vc_column_text]Metin-Gruppe, als unsere Personalpolitik;<\/p>\n<ul>\n<li>Die Wahl unserer Mitarbeiter basiert auf\u00e0 die richtige Person f\u00fcr den richtigen Job<\/li>\n<li>Organisation und Entwicklung des Ausbildungsbedarfs,<\/li>\n<li>Messen des Potenzials und der Leistung<\/li>\n<li>Unser Prinzip lautet Karriere im Einklang mit F\u00e4higkeit zu f\u00fchren.<\/li>\n<\/ul>\n<p>Wenn Sie Mitglied unseres Jungen und dynamischen Teams sein m\u00f6chten, f\u00fcllen Sie bitte das Kontaktformular aus.;<\/p>\n<div id=\"gtx-trans\" style=\"position: absolute; left: -3px; top: 166px;\">\n<div class=\"gtx-trans-icon\"><\/div>\n<\/div>\n<p>[\/vc_column_text][\/vc_column][vc_column width=&#8220;1\/2&#8243;][vc_column_text]<\/p>\n<h2>Kontaktformular<\/h2>\n<div id=\"gtx-trans\" style=\"position: absolute; left: -1px; top: -4.09375px;\">\n<div class=\"gtx-trans-icon\"><\/div>\n<\/div>\n<p>[\/vc_column_text]\n<div class=\"wpcf7 no-js\" id=\"wpcf7-f2527-o1\" lang=\"en-US\" dir=\"ltr\">\n<div class=\"screen-reader-response\"><p role=\"status\" aria-live=\"polite\" aria-atomic=\"true\"><\/p> <ul><\/ul><\/div>\n<form action=\"\/de\/wp-json\/wp\/v2\/pages\/2522#wpcf7-f2527-o1\" method=\"post\" class=\"wpcf7-form init\" aria-label=\"Contact form\" enctype=\"multipart\/form-data\" novalidate=\"novalidate\" data-status=\"init\">\n<div style=\"display: none;\">\n<input type=\"hidden\" name=\"_wpcf7\" value=\"2527\" \/>\n<input type=\"hidden\" name=\"_wpcf7_version\" value=\"5.7.7\" \/>\n<input type=\"hidden\" name=\"_wpcf7_locale\" value=\"en_US\" \/>\n<input type=\"hidden\" name=\"_wpcf7_unit_tag\" value=\"wpcf7-f2527-o1\" \/>\n<input type=\"hidden\" name=\"_wpcf7_container_post\" value=\"0\" \/>\n<input type=\"hidden\" name=\"_wpcf7_posted_data_hash\" value=\"\" \/>\n<\/div>\n<p><label> Vorname Nachname (erforderlich)<br \/>\n<span class=\"wpcf7-form-control-wrap\" data-name=\"your-name\"><input size=\"40\" class=\"wpcf7-form-control wpcf7-text wpcf7-validates-as-required\" aria-required=\"true\" aria-invalid=\"false\" value=\"\" type=\"text\" name=\"your-name\" \/><\/span> <\/label>\n<\/p>\n<p><label> E-Mail-Addresse (erforderlich)<br \/>\n<span class=\"wpcf7-form-control-wrap\" data-name=\"your-email\"><input size=\"40\" class=\"wpcf7-form-control wpcf7-text wpcf7-email wpcf7-validates-as-required wpcf7-validates-as-email\" aria-required=\"true\" aria-invalid=\"false\" value=\"\" type=\"email\" name=\"your-email\" \/><\/span> <\/label>\n<\/p>\n<p><label> <span class=\"wpcf7-form-control-wrap\" data-name=\"CV\"><input size=\"40\" class=\"wpcf7-form-control wpcf7-file\" accept=\"audio\/*,video\/*,image\/*\" aria-invalid=\"false\" type=\"file\" name=\"CV\" \/><\/span> <\/label>\n<\/p>\n<p><span class=\"wpcf7-form-control-wrap\" data-name=\"quiz-389\"><label><span class=\"wpcf7-quiz-label\">3+5=?<\/span> <input size=\"40\" class=\"wpcf7-form-control wpcf7-quiz\" autocomplete=\"off\" aria-required=\"true\" aria-invalid=\"false\" type=\"text\" name=\"quiz-389\" \/><\/label><input type=\"hidden\" name=\"_wpcf7_quiz_answer_quiz-389\" value=\"c167c02b9c8316bfc3309ff7c044107f\" \/><\/span>\n<\/p>\n<p><input class=\"wpcf7-form-control has-spinner wpcf7-submit\" type=\"submit\" value=\"einreichen\" \/>\n<\/p><div class=\"wpcf7-response-output\" aria-hidden=\"true\"><\/div>\n<\/form>\n<\/div>\n[\/vc_column][\/vc_row][vc_row][vc_column][vc_empty_space][\/vc_column][\/vc_row][vc_row full_width=&#8220;stretch_row_content_no_spaces&#8220; el_class=&#8220;secondary_bg_color convert_to_table services_icons&#8220; css=&#8220;.vc_custom_1449204239642{margin-bottom: 0px !important;}&#8220;][vc_column css=&#8220;.vc_custom_1449204255225{padding-top: 75px !important;padding-right: 115px !important;padding-bottom: 75px !important;padding-left: 115px !important;}&#8220; offset=&#8220;vc_col-lg-4 vc_col-md-4&#8243;][stm_icon icon_size=&#8220;67&#8243; icon_height=&#8220;90&#8243; title_font_size=&#8220;24&#8243; title_font_weight=&#8220;700&#8243; align=&#8220;center&#8220; icon=&#8220;stm-security&#8220; title=&#8220;Sicher&#8220; icon_color=&#8220;#ffffff&#8220; title_color=&#8220;#ffffff&#8220; text_color=&#8220;#ffffff&#8220; text=&#8220;Metin Group bietet effizienten service f\u00fcr alle Ziele mit seiner zuverl\u00e4ssigen und professionellen Netzwerkkapazit\u00e4t.&#8220;][\/vc_column][vc_column css=&#8220;.vc_custom_1554720105803{padding-top: 100px !important;padding-right: 115px !important;padding-bottom: 75px !important;padding-left: 115px !important;background-color: rgba(0,0,0,0.1) !important;*background-color: rgb(0,0,0) !important;}&#8220; offset=&#8220;vc_col-lg-4 vc_col-md-4&#8243;][stm_icon icon_size=&#8220;67&#8243; icon_height=&#8220;90&#8243; title_font_size=&#8220;24&#8243; title_font_weight=&#8220;700&#8243; align=&#8220;center&#8220; icon=&#8220;stm-fast-delivery&#8220; title=&#8220;Schnelle Logistik&#8220; icon_color=&#8220;#ffffff&#8220; title_color=&#8220;#ffffff&#8220; text_color=&#8220;#ffffff&#8220; text=&#8220;Schneller und ununterbrochener Service auf Stra\u00dfe, Luft, Meer, kombinierten Verkehr und alle Lagerdienste.&#8220;][\/vc_column][vc_column css=&#8220;.vc_custom_1449204266169{padding-top: 75px !important;padding-right: 115px !important;padding-bottom: 75px !important;padding-left: 115px !important;background-color: rgba(0,0,0,0.2) !important;*background-color: rgb(0,0,0) !important;}&#8220; offset=&#8220;vc_col-lg-4 vc_col-md-4&#8243;][stm_icon icon_size=&#8220;67&#8243; icon_height=&#8220;90&#8243; title_font_size=&#8220;24&#8243; title_font_weight=&#8220;700&#8243; align=&#8220;center&#8220; icon=&#8220;stm-support&#8220; title=&#8220;24\/7 support&#8220; text=&#8220;24 Stunden am Tag Kommunikation Unterst\u00fctzung, die M\u00f6glichkeit, die notwendigen Informationen und vor-Ort-fahrzeugzuteilung nach Bedarf und vor-Ort-support-service zu erhalten&#8220; icon_color=&#8220;#ffffff&#8220; title_color=&#8220;#ffffff&#8220; text_color=&#8220;#ffffff&#8220;][\/vc_column][\/vc_row]<\/p>\n","protected":false},"excerpt":{"rendered":"<p>[vc_row][vc_column width=&#8220;1\/2&#8243;][vc_column_text] Personalpolitik [\/vc_column_text][vc_column_text]Metin-Gruppe, als unsere Personalpolitik; Die Wahl unserer Mitarbeiter basiert auf\u00e0 die richtige Person f\u00fcr den richtigen Job Organisation und Entwicklung des Ausbildungsbedarfs, Messen des Potenzials und der Leistung Unser Prinzip&#8230;<\/p>\n","protected":false},"author":1,"featured_media":0,"parent":0,"menu_order":0,"comment_status":"closed","ping_status":"closed","template":"","meta":[],"yoast_head":"<!-- This site is optimized with the Yoast SEO plugin v20.10 - https:\/\/yoast.com\/wordpress\/plugins\/seo\/ -->\n<title>Personalpolitik - Metin Group<\/title>\n<meta name=\"robots\" content=\"index, follow, max-snippet:-1, max-image-preview:large, max-video-preview:-1\" \/>\n<link rel=\"canonical\" href=\"https:\/\/metingroup.com.tr\/insan-kaynaklari\/\" \/>\n<meta property=\"og:locale\" content=\"de_DE\" \/>\n<meta property=\"og:type\" content=\"article\" \/>\n<meta property=\"og:title\" content=\"Personalpolitik - Metin Group\" \/>\n<meta property=\"og:description\" content=\"[vc_row][vc_column width=&#8220;1\/2&#8243;][vc_column_text] Personalpolitik [\/vc_column_text][vc_column_text]Metin-Gruppe, als unsere Personalpolitik; Die Wahl unserer Mitarbeiter basiert auf\u00e0 die richtige Person f\u00fcr den richtigen Job Organisation und Entwicklung des Ausbildungsbedarfs, Messen des Potenzials und der Leistung Unser Prinzip...\" \/>\n<meta property=\"og:url\" content=\"https:\/\/metingroup.com.tr\/insan-kaynaklari\/\" \/>\n<meta property=\"og:site_name\" content=\"Metin Group\" \/>\n<meta property=\"article:modified_time\" content=\"2020-01-11T20:48:38+00:00\" \/>\n<meta name=\"twitter:card\" content=\"summary_large_image\" \/>\n<meta name=\"twitter:label1\" content=\"Gesch\u00e4tzte Lesezeit\" \/>\n\t<meta name=\"twitter:data1\" content=\"2 Minuten\" \/>\n<script type=\"application\/ld+json\" class=\"yoast-schema-graph\">{\"@context\":\"https:\/\/schema.org\",\"@graph\":[{\"@type\":\"WebPage\",\"@id\":\"https:\/\/metingroup.com.tr\/insan-kaynaklari\/\",\"url\":\"https:\/\/metingroup.com.tr\/insan-kaynaklari\/\",\"name\":\"Personalpolitik - Metin Group\",\"isPartOf\":{\"@id\":\"https:\/\/metingroup.com.tr\/#website\"},\"datePublished\":\"2020-01-04T17:58:41+00:00\",\"dateModified\":\"2020-01-11T20:48:38+00:00\",\"breadcrumb\":{\"@id\":\"https:\/\/metingroup.com.tr\/insan-kaynaklari\/#breadcrumb\"},\"inLanguage\":\"de-DE\",\"potentialAction\":[{\"@type\":\"ReadAction\",\"target\":[\"https:\/\/metingroup.com.tr\/insan-kaynaklari\/\"]}]},{\"@type\":\"BreadcrumbList\",\"@id\":\"https:\/\/metingroup.com.tr\/insan-kaynaklari\/#breadcrumb\",\"itemListElement\":[{\"@type\":\"ListItem\",\"position\":1,\"name\":\"Ana sayfa\",\"item\":\"https:\/\/metingroup.com.tr\/de\/\"},{\"@type\":\"ListItem\",\"position\":2,\"name\":\"Personalpolitik\"}]},{\"@type\":\"WebSite\",\"@id\":\"https:\/\/metingroup.com.tr\/#website\",\"url\":\"https:\/\/metingroup.com.tr\/\",\"name\":\"Metin Group\",\"description\":\"Uluslararas\u0131 Ta\u015f\u0131mac\u0131l\u0131k\",\"publisher\":{\"@id\":\"https:\/\/metingroup.com.tr\/#organization\"},\"potentialAction\":[{\"@type\":\"SearchAction\",\"target\":{\"@type\":\"EntryPoint\",\"urlTemplate\":\"https:\/\/metingroup.com.tr\/?s={search_term_string}\"},\"query-input\":\"required name=search_term_string\"}],\"inLanguage\":\"de-DE\"},{\"@type\":\"Organization\",\"@id\":\"https:\/\/metingroup.com.tr\/#organization\",\"name\":\"Metin Group\",\"url\":\"https:\/\/metingroup.com.tr\/\",\"logo\":{\"@type\":\"ImageObject\",\"inLanguage\":\"de-DE\",\"@id\":\"https:\/\/metingroup.com.tr\/#\/schema\/logo\/image\/\",\"url\":\"https:\/\/metingroup.com.tr\/wp-content\/uploads\/2023\/07\/logo.png\",\"contentUrl\":\"https:\/\/metingroup.com.tr\/wp-content\/uploads\/2023\/07\/logo.png\",\"width\":250,\"height\":60,\"caption\":\"Metin Group\"},\"image\":{\"@id\":\"https:\/\/metingroup.com.tr\/#\/schema\/logo\/image\/\"}}]}<\/script>\n<!-- \/ Yoast SEO plugin. -->","yoast_head_json":{"title":"Personalpolitik - Metin Group","robots":{"index":"index","follow":"follow","max-snippet":"max-snippet:-1","max-image-preview":"max-image-preview:large","max-video-preview":"max-video-preview:-1"},"canonical":"https:\/\/metingroup.com.tr\/insan-kaynaklari\/","og_locale":"de_DE","og_type":"article","og_title":"Personalpolitik - Metin Group","og_description":"[vc_row][vc_column width=&#8220;1\/2&#8243;][vc_column_text] Personalpolitik [\/vc_column_text][vc_column_text]Metin-Gruppe, als unsere Personalpolitik; Die Wahl unserer Mitarbeiter basiert auf\u00e0 die richtige Person f\u00fcr den richtigen Job Organisation und Entwicklung des Ausbildungsbedarfs, Messen des Potenzials und der Leistung Unser Prinzip...","og_url":"https:\/\/metingroup.com.tr\/insan-kaynaklari\/","og_site_name":"Metin Group","article_modified_time":"2020-01-11T20:48:38+00:00","twitter_card":"summary_large_image","twitter_misc":{"Gesch\u00e4tzte Lesezeit":"2 Minuten"},"schema":{"@context":"https:\/\/schema.org","@graph":[{"@type":"WebPage","@id":"https:\/\/metingroup.com.tr\/insan-kaynaklari\/","url":"https:\/\/metingroup.com.tr\/insan-kaynaklari\/","name":"Personalpolitik - Metin Group","isPartOf":{"@id":"https:\/\/metingroup.com.tr\/#website"},"datePublished":"2020-01-04T17:58:41+00:00","dateModified":"2020-01-11T20:48:38+00:00","breadcrumb":{"@id":"https:\/\/metingroup.com.tr\/insan-kaynaklari\/#breadcrumb"},"inLanguage":"de-DE","potentialAction":[{"@type":"ReadAction","target":["https:\/\/metingroup.com.tr\/insan-kaynaklari\/"]}]},{"@type":"BreadcrumbList","@id":"https:\/\/metingroup.com.tr\/insan-kaynaklari\/#breadcrumb","itemListElement":[{"@type":"ListItem","position":1,"name":"Ana sayfa","item":"https:\/\/metingroup.com.tr\/de\/"},{"@type":"ListItem","position":2,"name":"Personalpolitik"}]},{"@type":"WebSite","@id":"https:\/\/metingroup.com.tr\/#website","url":"https:\/\/metingroup.com.tr\/","name":"Metin Group","description":"Uluslararas\u0131 Ta\u015f\u0131mac\u0131l\u0131k","publisher":{"@id":"https:\/\/metingroup.com.tr\/#organization"},"potentialAction":[{"@type":"SearchAction","target":{"@type":"EntryPoint","urlTemplate":"https:\/\/metingroup.com.tr\/?s={search_term_string}"},"query-input":"required name=search_term_string"}],"inLanguage":"de-DE"},{"@type":"Organization","@id":"https:\/\/metingroup.com.tr\/#organization","name":"Metin Group","url":"https:\/\/metingroup.com.tr\/","logo":{"@type":"ImageObject","inLanguage":"de-DE","@id":"https:\/\/metingroup.com.tr\/#\/schema\/logo\/image\/","url":"https:\/\/metingroup.com.tr\/wp-content\/uploads\/2023\/07\/logo.png","contentUrl":"https:\/\/metingroup.com.tr\/wp-content\/uploads\/2023\/07\/logo.png","width":250,"height":60,"caption":"Metin Group"},"image":{"@id":"https:\/\/metingroup.com.tr\/#\/schema\/logo\/image\/"}}]}},"_links":{"self":[{"href":"https:\/\/metingroup.com.tr\/de\/wp-json\/wp\/v2\/pages\/2522"}],"collection":[{"href":"https:\/\/metingroup.com.tr\/de\/wp-json\/wp\/v2\/pages"}],"about":[{"href":"https:\/\/metingroup.com.tr\/de\/wp-json\/wp\/v2\/types\/page"}],"author":[{"embeddable":true,"href":"https:\/\/metingroup.com.tr\/de\/wp-json\/wp\/v2\/users\/1"}],"replies":[{"embeddable":true,"href":"https:\/\/metingroup.com.tr\/de\/wp-json\/wp\/v2\/comments?post=2522"}],"version-history":[{"count":8,"href":"https:\/\/metingroup.com.tr\/de\/wp-json\/wp\/v2\/pages\/2522\/revisions"}],"predecessor-version":[{"id":2607,"href":"https:\/\/metingroup.com.tr\/de\/wp-json\/wp\/v2\/pages\/2522\/revisions\/2607"}],"wp:attachment":[{"href":"https:\/\/metingroup.com.tr\/de\/wp-json\/wp\/v2\/media?parent=2522"}],"curies":[{"name":"wp","href":"https:\/\/api.w.org\/{rel}","templated":true}]}}