{"id":2578,"date":"2020-01-04T22:19:49","date_gmt":"2020-01-04T19:19:49","guid":{"rendered":"http:\/\/metingroup.com\/?page_id=2578"},"modified":"2023-11-21T14:44:12","modified_gmt":"2023-11-21T11:44:12","slug":"ana-sayfa","status":"publish","type":"page","link":"https:\/\/metingroup.com.tr\/de\/","title":{"rendered":"Startseite"},"content":{"rendered":"<p>[vc_row][vc_column][vc_empty_space height=&#8220;90&#8243;][\/vc_column][\/vc_row][vc_row full_width=&#8220;stretch_row_content_no_spaces&#8220;][vc_column][rev_slider_vc alias=&#8220;home_de&#8220;][\/vc_column][\/vc_row][vc_row][vc_column][vc_empty_space height=&#8220;20px&#8220;][vc_column_text]<\/p>\n<h3><span style=\"color: #34ccff;\">Metin<\/span> Group<\/h3>\n<p>[\/vc_column_text][stm_post_about_author][vc_column_text]<\/p>\n<div style=\"text-align: justify;\">\n<p>Unsere Firma wurde 1994 gegr\u00fcndet und begann Ihre T\u00e4tigkeit mit dem internationalen Versand.<\/p>\n<\/div>\n<p>[\/vc_column_text][vc_row_inner css=&#8220;.vc_custom_1449127190171{margin-bottom: 0px !important;}&#8220; el_class=&#8220;reset-sm-paddings&#8220;][vc_column_inner width=&#8220;1\/3&#8243; css=&#8220;.vc_custom_1450423994691{margin-bottom: 44px !important;}&#8220; offset=&#8220;vc_col-xs-12&#8243;][stm_icon icon_position=&#8220;icon_position_left&#8220; icon_size=&#8220;63&#8243; icon_width=&#8220;87&#8243; title_font_size=&#8220;14&#8243; title_font_weight=&#8220;600&#8243; title=&#8220;Projekt&#8220; text=&#8220;Wir verwalten Ihren Projektentwurf und Lieferprozess f\u00fcr Ihr Transportgesch\u00e4ft.&#8220; text_color=&#8220;#000000&#8243; icon=&#8220;stm-projects-done&#8220;][vc_empty_space height=&#8220;10&#8243;][stm_icon icon_position=&#8220;icon_position_left&#8220; icon_size=&#8220;63&#8243; icon_width=&#8220;87&#8243; title_font_size=&#8220;14&#8243; title_font_weight=&#8220;600&#8243; title=&#8220;Umweltfreundlich&#8220; text=&#8220;Abgasmessungen unserer Fahrzeuge werden regelm\u00e4\u00dfig durchgef\u00fchrt.&#8220; text_color=&#8220;#000000&#8243; icon=&#8220;fa fa-refresh&#8220;][\/vc_column_inner][vc_column_inner width=&#8220;1\/3&#8243; css=&#8220;.vc_custom_1450423999162{margin-bottom: 44px !important;}&#8220; offset=&#8220;vc_col-xs-12&#8243;][stm_icon icon_position=&#8220;icon_position_left&#8220; icon_size=&#8220;63&#8243; icon_width=&#8220;87&#8243; title_font_size=&#8220;14&#8243; title_font_weight=&#8220;600&#8243; title=&#8220;Die Richtige Ausr\u00fcstung&#8220; text=&#8220;Es ist unsere Aufgabe, die richtige Ausr\u00fcstung und Werkzeuge zu verwenden, um Ihre Last zu tragen.&#8220; text_color=&#8220;#000000&#8243; icon=&#8220;stm-transport876&#8243;][vc_empty_space height=&#8220;10&#8243;][stm_icon icon_position=&#8220;icon_position_left&#8220; icon_size=&#8220;63&#8243; icon_width=&#8220;87&#8243; title_font_size=&#8220;14&#8243; title_font_weight=&#8220;600&#8243; title=&#8220;Zeit Sparen&#8220; text=&#8220;W\u00e4hlen Sie uns f\u00fcr einen schnellen und gesunden Versand.&#8220; text_color=&#8220;#000000&#8243; icon=&#8220;fa fa-history&#8220;][\/vc_column_inner][vc_column_inner width=&#8220;1\/3&#8243;][stm_icon icon_position=&#8220;icon_position_left&#8220; icon_size=&#8220;63&#8243; icon_width=&#8220;87&#8243; title_font_size=&#8220;14&#8243; title_font_weight=&#8220;600&#8243; title=&#8220;Schwerlastverkehr&#8220; text=&#8220;Wir bieten Ihnen spezielle L\u00f6sungen f\u00fcr Ihre schweren und gro\u00dfen Lasten.&#8220; text_color=&#8220;#000000&#8243; icon=&#8220;stm-transport842&#8243;][vc_empty_space height=&#8220;10&#8243;][stm_icon icon_position=&#8220;icon_position_left&#8220; icon_size=&#8220;63&#8243; icon_width=&#8220;87&#8243; title_font_size=&#8220;14&#8243; title_font_weight=&#8220;600&#8243; title=&#8220;Arbeitsplatzsicherheit&#8220; text=&#8220;In allen unseren Prozessen m\u00fcssen unsere Mitarbeiter die Arbeitsschutzvorschriften einhalten.&#8220; text_color=&#8220;#000000&#8243; icon=&#8220;fa fa-male&#8220;][\/vc_column_inner][\/vc_row_inner][\/vc_column][\/vc_row][vc_row full_width=&#8220;stretch_row_content&#8220; css=&#8220;.vc_custom_1561614297336{background-color: #34ccff !important;}&#8220;][vc_column width=&#8220;2\/3&#8243;][vc_empty_space][vc_column_text]<\/p>\n<h3 style=\"text-align: right;\"><span style=\"color: #ffffff;\">Holen Sie sich Angebote f\u00fcr Projekte und Transportdienste jetzt!<\/span><\/h3>\n<div id=\"gtx-trans\" style=\"position: absolute; left: 721px; top: -6.28125px;\">\n<div class=\"gtx-trans-icon\"><\/div>\n<\/div>\n<p>[\/vc_column_text][vc_empty_space][\/vc_column][vc_column width=&#8220;1\/3&#8243;][vc_empty_space height=&#8220;70&#8243;][vc_btn title=&#8220;Kontakt&#8220; style=&#8220;outline-custom&#8220; outline_custom_color=&#8220;#ffffff&#8220; outline_custom_hover_background=&#8220;#ffffff&#8220; outline_custom_hover_text=&#8220;#000000&#8243; shape=&#8220;round&#8220; size=&#8220;lg&#8220; align=&#8220;left&#8220; css_animation=&#8220;slideInRight&#8220; custom_onclick=&#8220;true&#8220; link=&#8220;url:http%3A%2F%2Fmetingroup.com%2Fde%2Fkommunikation%2F|title:%C4%B0leti%C5%9Fim||&#8220;][vc_empty_space][\/vc_column][\/vc_row][vc_row][vc_column][vc_empty_space][stm_services posts_per_page=&#8220;12&#8243; autoplay=&#8220;yes&#8220; items_tablet=&#8220;3&#8243; items_normal=&#8220;&#8220; items_small=&#8220;&#8220;]<\/p>\n<h2><span style=\"font-weight: 300;\"><span style=\"color: #34ccff;\">Unsere<\/span>Leistungen<\/span><\/h2>\n<p><span style=\"color: #000000;\">Die Metin Group steht Ihnen mit Ihren erfahrenen Mitarbeitern jederzeit zur Verf\u00fcgung, die weltweit anerkannt sind, um jedes detail der speziellen Logistik-und Transportbed\u00fcrfnisse unserer Kunden zu \u00fcbernehmen. <\/span>[\/stm_services][\/vc_column][\/vc_row][vc_row full_width=&#8220;stretch_row&#8220; css=&#8220;.vc_custom_1450270522171{margin-bottom: 0px !important;padding-top: 40px !important;padding-bottom: 14px !important;}&#8220; el_class=&#8220;secondary_bg_color&#8220;][vc_column width=&#8220;1\/2&#8243; offset=&#8220;vc_col-lg-3 vc_col-md-3&#8243; css=&#8220;.vc_custom_1449142338264{margin-bottom: 30px !important;}&#8220;][stm_counter counter_value=&#8220;320&#8243; drawing=&#8220;yes&#8220; icon_width_svg=&#8220;65&#8243; icon_size=&#8220;64&#8243; title=&#8220;Erfolgreiches Projekt&#8220; drawing_icon=&#8220;stm-projects-done&#8220; icon_color=&#8220;#ffffff&#8220;][\/vc_column][vc_column width=&#8220;1\/2&#8243; offset=&#8220;vc_col-lg-3 vc_col-md-3&#8243; css=&#8220;.vc_custom_1449142329000{margin-bottom: 30px !important;}&#8220;][stm_counter counter_value=&#8220;25&#8243; drawing=&#8220;yes&#8220; icon_width_svg=&#8220;64&#8243; icon_size=&#8220;68&#8243; title=&#8220;Transport Zu Land&#8220; drawing_icon=&#8220;stm-clients-worldwide&#8220; icon_color=&#8220;#ffffff&#8220;][\/vc_column][vc_column width=&#8220;1\/2&#8243; offset=&#8220;vc_col-lg-3 vc_col-md-3&#8243; css=&#8220;.vc_custom_1449142343672{margin-bottom: 30px !important;}&#8220;][stm_counter counter_value=&#8220;153&#8243; drawing=&#8220;yes&#8220; icon_width=&#8220;80&#8243; icon_width_svg=&#8220;52&#8243; icon_size=&#8220;67&#8243; title=&#8220;Fuhrpark&#8220; drawing_icon=&#8220;stm-owned-vehicles&#8220; icon_color=&#8220;#ffffff&#8220;][\/vc_column][vc_column width=&#8220;1\/2&#8243; offset=&#8220;vc_col-lg-3 vc_col-md-3&#8243; css=&#8220;.vc_custom_1449142350247{margin-bottom: 30px !important;}&#8220;][stm_counter counter_value=&#8220;30&#8243; drawing=&#8220;yes&#8220; icon_width=&#8220;100&#8243; icon_width_svg=&#8220;68&#8243; icon_size=&#8220;67&#8243; title=&#8220;Qualifiziertes Personal&#8220; icon_color=&#8220;#ffffff&#8220; drawing_icon=&#8220;stm-people-in-team&#8220;][\/vc_column][\/vc_row][vc_row][vc_column][vc_empty_space][\/vc_column][\/vc_row][vc_row][vc_column][vc_column_text]<\/p>\n<h3><span style=\"color: #34ccff;\">Unsere<\/span> Gesch\u00e4ftspartner<\/h3>\n<div id=\"gtx-trans\" style=\"position: absolute; left: -1px; top: -6.28125px;\">\n<div class=\"gtx-trans-icon\"><\/div>\n<\/div>\n<p>[\/vc_column_text][stm_image_carousel img_size=&#8220;medium&#8220; autoplay=&#8220;yes&#8220; loop=&#8220;yes&#8220; items=&#8220;5&#8243; images=&#8220;2218,2170,2223,2222,2220&#8243;][\/vc_column][\/vc_row]<\/p>\n","protected":false},"excerpt":{"rendered":"<p>[vc_row][vc_column][vc_empty_space height=&#8220;90&#8243;][\/vc_column][\/vc_row][vc_row full_width=&#8220;stretch_row_content_no_spaces&#8220;][vc_column][rev_slider_vc alias=&#8220;home_de&#8220;][\/vc_column][\/vc_row][vc_row][vc_column][vc_empty_space height=&#8220;20px&#8220;][vc_column_text] Metin Group [\/vc_column_text][stm_post_about_author][vc_column_text] Unsere Firma wurde 1994 gegr\u00fcndet und begann Ihre T\u00e4tigkeit mit dem internationalen Versand. [\/vc_column_text][vc_row_inner css=&#8220;.vc_custom_1449127190171{margin-bottom: 0px !important;}&#8220; el_class=&#8220;reset-sm-paddings&#8220;][vc_column_inner width=&#8220;1\/3&#8243; css=&#8220;.vc_custom_1450423994691{margin-bottom: 44px !important;}&#8220; offset=&#8220;vc_col-xs-12&#8243;][stm_icon icon_position=&#8220;icon_position_left&#8220; icon_size=&#8220;63&#8243;&#8230;<\/p>\n","protected":false},"author":1,"featured_media":0,"parent":0,"menu_order":0,"comment_status":"closed","ping_status":"closed","template":"","meta":[],"yoast_head":"<!-- This site is optimized with the Yoast SEO plugin v20.10 - https:\/\/yoast.com\/wordpress\/plugins\/seo\/ -->\n<title>Startseite - Metin Group<\/title>\n<meta name=\"robots\" content=\"index, follow, max-snippet:-1, max-image-preview:large, max-video-preview:-1\" \/>\n<link rel=\"canonical\" href=\"https:\/\/metingroup.com.tr\/de\/\" \/>\n<meta property=\"og:locale\" content=\"de_DE\" \/>\n<meta property=\"og:type\" content=\"article\" \/>\n<meta property=\"og:title\" content=\"Startseite - Metin Group\" \/>\n<meta property=\"og:description\" content=\"[vc_row][vc_column][vc_empty_space height=&#8220;90&#8243;][\/vc_column][\/vc_row][vc_row full_width=&#8220;stretch_row_content_no_spaces&#8220;][vc_column][rev_slider_vc alias=&#8220;home_de&#8220;][\/vc_column][\/vc_row][vc_row][vc_column][vc_empty_space height=&#8220;20px&#8220;][vc_column_text] Metin Group [\/vc_column_text][stm_post_about_author][vc_column_text] Unsere Firma wurde 1994 gegr\u00fcndet und begann Ihre T\u00e4tigkeit mit dem internationalen Versand. [\/vc_column_text][vc_row_inner css=&#8220;.vc_custom_1449127190171{margin-bottom: 0px !important;}&#8220; el_class=&#8220;reset-sm-paddings&#8220;][vc_column_inner width=&#8220;1\/3&#8243; css=&#8220;.vc_custom_1450423994691{margin-bottom: 44px !important;}&#8220; offset=&#8220;vc_col-xs-12&#8243;][stm_icon icon_position=&#8220;icon_position_left&#8220; icon_size=&#8220;63&#8243;...\" \/>\n<meta property=\"og:url\" content=\"https:\/\/metingroup.com.tr\/de\/\" \/>\n<meta property=\"og:site_name\" content=\"Metin Group\" \/>\n<meta property=\"article:modified_time\" content=\"2023-11-21T11:44:12+00:00\" \/>\n<meta name=\"twitter:card\" content=\"summary_large_image\" \/>\n<meta name=\"twitter:label1\" content=\"Gesch\u00e4tzte Lesezeit\" \/>\n\t<meta name=\"twitter:data1\" content=\"2 Minuten\" \/>\n<script type=\"application\/ld+json\" class=\"yoast-schema-graph\">{\"@context\":\"https:\/\/schema.org\",\"@graph\":[{\"@type\":\"WebPage\",\"@id\":\"https:\/\/metingroup.com.tr\/de\/\",\"url\":\"https:\/\/metingroup.com.tr\/de\/\",\"name\":\"Startseite - Metin Group\",\"isPartOf\":{\"@id\":\"https:\/\/metingroup.com.tr\/#website\"},\"datePublished\":\"2020-01-04T19:19:49+00:00\",\"dateModified\":\"2023-11-21T11:44:12+00:00\",\"breadcrumb\":{\"@id\":\"https:\/\/metingroup.com.tr\/de\/#breadcrumb\"},\"inLanguage\":\"de-DE\",\"potentialAction\":[{\"@type\":\"ReadAction\",\"target\":[\"https:\/\/metingroup.com.tr\/de\/\"]}]},{\"@type\":\"BreadcrumbList\",\"@id\":\"https:\/\/metingroup.com.tr\/de\/#breadcrumb\",\"itemListElement\":[{\"@type\":\"ListItem\",\"position\":1,\"name\":\"Ana sayfa\",\"item\":\"https:\/\/metingroup.com.tr\/de\/\"},{\"@type\":\"ListItem\",\"position\":2,\"name\":\"Startseite\"}]},{\"@type\":\"WebSite\",\"@id\":\"https:\/\/metingroup.com.tr\/#website\",\"url\":\"https:\/\/metingroup.com.tr\/\",\"name\":\"Metin Group\",\"description\":\"Uluslararas\u0131 Ta\u015f\u0131mac\u0131l\u0131k\",\"publisher\":{\"@id\":\"https:\/\/metingroup.com.tr\/#organization\"},\"potentialAction\":[{\"@type\":\"SearchAction\",\"target\":{\"@type\":\"EntryPoint\",\"urlTemplate\":\"https:\/\/metingroup.com.tr\/?s={search_term_string}\"},\"query-input\":\"required name=search_term_string\"}],\"inLanguage\":\"de-DE\"},{\"@type\":\"Organization\",\"@id\":\"https:\/\/metingroup.com.tr\/#organization\",\"name\":\"Metin Group\",\"url\":\"https:\/\/metingroup.com.tr\/\",\"logo\":{\"@type\":\"ImageObject\",\"inLanguage\":\"de-DE\",\"@id\":\"https:\/\/metingroup.com.tr\/#\/schema\/logo\/image\/\",\"url\":\"https:\/\/metingroup.com.tr\/wp-content\/uploads\/2023\/07\/logo.png\",\"contentUrl\":\"https:\/\/metingroup.com.tr\/wp-content\/uploads\/2023\/07\/logo.png\",\"width\":250,\"height\":60,\"caption\":\"Metin Group\"},\"image\":{\"@id\":\"https:\/\/metingroup.com.tr\/#\/schema\/logo\/image\/\"}}]}<\/script>\n<!-- \/ Yoast SEO plugin. -->","yoast_head_json":{"title":"Startseite - Metin Group","robots":{"index":"index","follow":"follow","max-snippet":"max-snippet:-1","max-image-preview":"max-image-preview:large","max-video-preview":"max-video-preview:-1"},"canonical":"https:\/\/metingroup.com.tr\/de\/","og_locale":"de_DE","og_type":"article","og_title":"Startseite - Metin Group","og_description":"[vc_row][vc_column][vc_empty_space height=&#8220;90&#8243;][\/vc_column][\/vc_row][vc_row full_width=&#8220;stretch_row_content_no_spaces&#8220;][vc_column][rev_slider_vc alias=&#8220;home_de&#8220;][\/vc_column][\/vc_row][vc_row][vc_column][vc_empty_space height=&#8220;20px&#8220;][vc_column_text] Metin Group [\/vc_column_text][stm_post_about_author][vc_column_text] Unsere Firma wurde 1994 gegr\u00fcndet und begann Ihre T\u00e4tigkeit mit dem internationalen Versand. [\/vc_column_text][vc_row_inner css=&#8220;.vc_custom_1449127190171{margin-bottom: 0px !important;}&#8220; el_class=&#8220;reset-sm-paddings&#8220;][vc_column_inner width=&#8220;1\/3&#8243; css=&#8220;.vc_custom_1450423994691{margin-bottom: 44px !important;}&#8220; offset=&#8220;vc_col-xs-12&#8243;][stm_icon icon_position=&#8220;icon_position_left&#8220; icon_size=&#8220;63&#8243;...","og_url":"https:\/\/metingroup.com.tr\/de\/","og_site_name":"Metin Group","article_modified_time":"2023-11-21T11:44:12+00:00","twitter_card":"summary_large_image","twitter_misc":{"Gesch\u00e4tzte Lesezeit":"2 Minuten"},"schema":{"@context":"https:\/\/schema.org","@graph":[{"@type":"WebPage","@id":"https:\/\/metingroup.com.tr\/de\/","url":"https:\/\/metingroup.com.tr\/de\/","name":"Startseite - Metin Group","isPartOf":{"@id":"https:\/\/metingroup.com.tr\/#website"},"datePublished":"2020-01-04T19:19:49+00:00","dateModified":"2023-11-21T11:44:12+00:00","breadcrumb":{"@id":"https:\/\/metingroup.com.tr\/de\/#breadcrumb"},"inLanguage":"de-DE","potentialAction":[{"@type":"ReadAction","target":["https:\/\/metingroup.com.tr\/de\/"]}]},{"@type":"BreadcrumbList","@id":"https:\/\/metingroup.com.tr\/de\/#breadcrumb","itemListElement":[{"@type":"ListItem","position":1,"name":"Ana sayfa","item":"https:\/\/metingroup.com.tr\/de\/"},{"@type":"ListItem","position":2,"name":"Startseite"}]},{"@type":"WebSite","@id":"https:\/\/metingroup.com.tr\/#website","url":"https:\/\/metingroup.com.tr\/","name":"Metin Group","description":"Uluslararas\u0131 Ta\u015f\u0131mac\u0131l\u0131k","publisher":{"@id":"https:\/\/metingroup.com.tr\/#organization"},"potentialAction":[{"@type":"SearchAction","target":{"@type":"EntryPoint","urlTemplate":"https:\/\/metingroup.com.tr\/?s={search_term_string}"},"query-input":"required name=search_term_string"}],"inLanguage":"de-DE"},{"@type":"Organization","@id":"https:\/\/metingroup.com.tr\/#organization","name":"Metin Group","url":"https:\/\/metingroup.com.tr\/","logo":{"@type":"ImageObject","inLanguage":"de-DE","@id":"https:\/\/metingroup.com.tr\/#\/schema\/logo\/image\/","url":"https:\/\/metingroup.com.tr\/wp-content\/uploads\/2023\/07\/logo.png","contentUrl":"https:\/\/metingroup.com.tr\/wp-content\/uploads\/2023\/07\/logo.png","width":250,"height":60,"caption":"Metin Group"},"image":{"@id":"https:\/\/metingroup.com.tr\/#\/schema\/logo\/image\/"}}]}},"_links":{"self":[{"href":"https:\/\/metingroup.com.tr\/de\/wp-json\/wp\/v2\/pages\/2578"}],"collection":[{"href":"https:\/\/metingroup.com.tr\/de\/wp-json\/wp\/v2\/pages"}],"about":[{"href":"https:\/\/metingroup.com.tr\/de\/wp-json\/wp\/v2\/types\/page"}],"author":[{"embeddable":true,"href":"https:\/\/metingroup.com.tr\/de\/wp-json\/wp\/v2\/users\/1"}],"replies":[{"embeddable":true,"href":"https:\/\/metingroup.com.tr\/de\/wp-json\/wp\/v2\/comments?post=2578"}],"version-history":[{"count":8,"href":"https:\/\/metingroup.com.tr\/de\/wp-json\/wp\/v2\/pages\/2578\/revisions"}],"predecessor-version":[{"id":2786,"href":"https:\/\/metingroup.com.tr\/de\/wp-json\/wp\/v2\/pages\/2578\/revisions\/2786"}],"wp:attachment":[{"href":"https:\/\/metingroup.com.tr\/de\/wp-json\/wp\/v2\/media?parent=2578"}],"curies":[{"name":"wp","href":"https:\/\/api.w.org\/{rel}","templated":true}]}}