{"id":2326,"date":"2015-10-21T07:42:32","date_gmt":"2015-10-21T04:42:32","guid":{"rendered":"http:\/\/metingroup.com\/ana-sayfa-2\/"},"modified":"2023-11-21T14:43:46","modified_gmt":"2023-11-21T11:43:46","slug":"ana-sayfa-2","status":"publish","type":"page","link":"https:\/\/metingroup.com.tr\/en\/","title":{"rendered":"Home Page"},"content":{"rendered":"<p>[vc_row][vc_column][vc_empty_space height=&#8221;90&#8243;][\/vc_column][\/vc_row][vc_row full_width=&#8221;stretch_row_content_no_spaces&#8221;][vc_column][rev_slider_vc alias=&#8221;Home_en&#8221;][\/vc_column][\/vc_row][vc_row][vc_column][vc_empty_space height=&#8221;20px&#8221;][vc_column_text]<\/p>\n<h3><span style=\"color: #34ccff;\">Metin<\/span> Group<\/h3>\n<p>[\/vc_column_text][stm_post_about_author][vc_column_text]<\/p>\n<div style=\"text-align: justify;\">\n<p>Our company was established in 1994 and started its activities with international shipping.<\/p>\n<\/div>\n<p>[\/vc_column_text][vc_row_inner css=&#8221;.vc_custom_1449127190171{margin-bottom: 0px !important;}&#8221; el_class=&#8221;reset-sm-paddings&#8221;][vc_column_inner width=&#8221;1\/3&#8243; css=&#8221;.vc_custom_1450423994691{margin-bottom: 44px !important;}&#8221; offset=&#8221;vc_col-xs-12&#8243;][stm_icon icon_position=&#8221;icon_position_left&#8221; icon_size=&#8221;63&#8243; icon_width=&#8221;87&#8243; title_font_size=&#8221;14&#8243; title_font_weight=&#8221;600&#8243; title=&#8221;Projecting&#8221; text=&#8221;We run your transportation for your business design and delivery process.&#8221; text_color=&#8221;#000000&#8243; icon=&#8221;stm-projects-done&#8221;][vc_empty_space height=&#8221;10&#8243;][stm_icon icon_position=&#8221;icon_position_left&#8221; icon_size=&#8221;63&#8243; icon_width=&#8221;87&#8243; title_font_size=&#8221;14&#8243; title_font_weight=&#8221;600&#8243; title=&#8221;Eco-Friendly&#8221; text=&#8221;Our vehicles are regularly exhaust emission measurements are performed.&#8221; text_color=&#8221;#000000&#8243; icon=&#8221;fa fa-refresh&#8221;][\/vc_column_inner][vc_column_inner width=&#8221;1\/3&#8243; css=&#8221;.vc_custom_1450423999162{margin-bottom: 44px !important;}&#8221; offset=&#8221;vc_col-xs-12&#8243;][stm_icon icon_position=&#8221;icon_position_left&#8221; icon_size=&#8221;63&#8243; icon_width=&#8221;87&#8243; title_font_size=&#8221;14&#8243; title_font_weight=&#8221;600&#8243; title=&#8221;The Right Equipment&#8221; text=&#8221;It is our job to use the proper equipment and vehicles to carry your load.&#8221; text_color=&#8221;#000000&#8243; icon=&#8221;stm-transport876&#8243;][vc_empty_space height=&#8221;10&#8243;][stm_icon icon_position=&#8221;icon_position_left&#8221; icon_size=&#8221;63&#8243; icon_width=&#8221;87&#8243; title_font_size=&#8221;14&#8243; title_font_weight=&#8221;600&#8243; title=&#8221;Save Time&#8221; text=&#8221;Shipping time to us for a quick and healthy prefer.&#8221; text_color=&#8221;#000000&#8243; icon=&#8221;fa fa-history&#8221;][\/vc_column_inner][vc_column_inner width=&#8221;1\/3&#8243;][stm_icon icon_position=&#8221;icon_position_left&#8221; icon_size=&#8221;63&#8243; icon_width=&#8221;87&#8243; title_font_size=&#8221;14&#8243; title_font_weight=&#8221;600&#8243; title=&#8221;Heavy Haulage&#8221; text=&#8221;We produce custom solutions for heavy loads and large scale.&#8221; text_color=&#8221;#000000&#8243; icon=&#8221;stm-transport842&#8243;][vc_empty_space height=&#8221;10&#8243;][stm_icon icon_position=&#8221;icon_position_left&#8221; icon_size=&#8221;63&#8243; icon_width=&#8221;87&#8243; title_font_size=&#8221;14&#8243; title_font_weight=&#8221;600&#8243; title=&#8221;Job Security&#8221; text=&#8221;In all our processes, our employees are expected to abide by the safety rules.&#8221; text_color=&#8221;#000000&#8243; icon=&#8221;fa fa-male&#8221;][\/vc_column_inner][\/vc_row_inner][\/vc_column][\/vc_row][vc_row full_width=&#8221;stretch_row_content&#8221; css=&#8221;.vc_custom_1561614297336{background-color: #34ccff !important;}&#8221;][vc_column width=&#8221;2\/3&#8243;][vc_empty_space][vc_column_text]<\/p>\n<h3 style=\"text-align: right;\"><span style=\"color: #ffffff;\">Get Offer Now for Project and Transportation Services!<\/span><\/h3>\n<div id=\"gtx-trans\" style=\"position: absolute; left: 777px; top: -6.28125px;\">\n<div class=\"gtx-trans-icon\"><\/div>\n<\/div>\n<p>[\/vc_column_text][vc_empty_space][\/vc_column][vc_column width=&#8221;1\/3&#8243;][vc_empty_space height=&#8221;50&#8243;][vc_btn title=&#8221;Contact&#8221; style=&#8221;outline-custom&#8221; outline_custom_color=&#8221;#ffffff&#8221; outline_custom_hover_background=&#8221;#ffffff&#8221; outline_custom_hover_text=&#8221;#000000&#8243; shape=&#8221;round&#8221; size=&#8221;lg&#8221; align=&#8221;left&#8221; css_animation=&#8221;slideInRight&#8221; custom_onclick=&#8221;true&#8221; link=&#8221;url:http%3A%2F%2Fmetingroup.com.tr%2Filetisim%2F|title:%C4%B0leti%C5%9Fim||&#8221;][vc_empty_space][\/vc_column][\/vc_row][vc_row][vc_column][vc_empty_space][stm_services posts_per_page=&#8221;12&#8243; autoplay=&#8221;yes&#8221; items_tablet=&#8221;3&#8243; items_normal=&#8221;&#8221; items_small=&#8221;&#8221;]<\/p>\n<h2><span style=\"font-weight: 300;\"><span style=\"color: #34ccff;\">Our <\/span>Services<\/span><\/h2>\n<p><span style=\"color: #000000;\">Since we are able to undertake every detail of our customers&#8217; specific logistics and transportation needs, Metin Group is always at your service with its experienced staff. <\/span>[\/stm_services][\/vc_column][\/vc_row][vc_row full_width=&#8221;stretch_row&#8221; css=&#8221;.vc_custom_1450270522171{margin-bottom: 0px !important;padding-top: 40px !important;padding-bottom: 14px !important;}&#8221; el_class=&#8221;secondary_bg_color&#8221;][vc_column width=&#8221;1\/2&#8243; offset=&#8221;vc_col-lg-3 vc_col-md-3&#8243; css=&#8221;.vc_custom_1449142338264{margin-bottom: 30px !important;}&#8221;][stm_counter counter_value=&#8221;320&#8243; drawing=&#8221;yes&#8221; icon_width_svg=&#8221;65&#8243; icon_size=&#8221;64&#8243; title=&#8221;Successful Project&#8221; drawing_icon=&#8221;stm-projects-done&#8221; icon_color=&#8221;#ffffff&#8221;][\/vc_column][vc_column width=&#8221;1\/2&#8243; offset=&#8221;vc_col-lg-3 vc_col-md-3&#8243; css=&#8221;.vc_custom_1449142329000{margin-bottom: 30px !important;}&#8221;][stm_counter counter_value=&#8221;25&#8243; drawing=&#8221;yes&#8221; icon_width_svg=&#8221;64&#8243; icon_size=&#8221;68&#8243; title=&#8221;Shipping To Country&#8221; drawing_icon=&#8221;stm-clients-worldwide&#8221; icon_color=&#8221;#ffffff&#8221;][\/vc_column][vc_column width=&#8221;1\/2&#8243; offset=&#8221;vc_col-lg-3 vc_col-md-3&#8243; css=&#8221;.vc_custom_1449142343672{margin-bottom: 30px !important;}&#8221;][stm_counter counter_value=&#8221;153&#8243; drawing=&#8221;yes&#8221; icon_width=&#8221;80&#8243; icon_width_svg=&#8221;52&#8243; icon_size=&#8221;67&#8243; title=&#8221;Vehicle Fleet&#8221; drawing_icon=&#8221;stm-owned-vehicles&#8221; icon_color=&#8221;#ffffff&#8221;][\/vc_column][vc_column width=&#8221;1\/2&#8243; offset=&#8221;vc_col-lg-3 vc_col-md-3&#8243; css=&#8221;.vc_custom_1449142350247{margin-bottom: 30px !important;}&#8221;][stm_counter counter_value=&#8221;30&#8243; drawing=&#8221;yes&#8221; icon_width=&#8221;100&#8243; icon_width_svg=&#8221;68&#8243; icon_size=&#8221;67&#8243; title=&#8221;Qualified Staff&#8221; icon_color=&#8221;#ffffff&#8221; drawing_icon=&#8221;stm-people-in-team&#8221;][\/vc_column][\/vc_row][vc_row][vc_column][vc_empty_space][\/vc_column][\/vc_row][vc_row][vc_column][vc_column_text]<\/p>\n<h3><span style=\"color: #34ccff;\">Our Business\u00a0<\/span> Partners<\/h3>\n<div id=\"gtx-trans\" style=\"position: absolute; left: 193px; top: -6.28125px;\">\n<div class=\"gtx-trans-icon\"><\/div>\n<\/div>\n<p>[\/vc_column_text][stm_image_carousel img_size=&#8221;medium&#8221; autoplay=&#8221;yes&#8221; loop=&#8221;yes&#8221; items=&#8221;5&#8243; images=&#8221;2218,2170,2223,2222,2220&#8243;][\/vc_column][\/vc_row]<\/p>\n","protected":false},"excerpt":{"rendered":"<p>[vc_row][vc_column][vc_empty_space height=&#8221;90&#8243;][\/vc_column][\/vc_row][vc_row full_width=&#8221;stretch_row_content_no_spaces&#8221;][vc_column][rev_slider_vc alias=&#8221;Home_en&#8221;][\/vc_column][\/vc_row][vc_row][vc_column][vc_empty_space height=&#8221;20px&#8221;][vc_column_text] Metin Group [\/vc_column_text][stm_post_about_author][vc_column_text] Our company was established in 1994 and started its activities with international shipping. [\/vc_column_text][vc_row_inner css=&#8221;.vc_custom_1449127190171{margin-bottom: 0px !important;}&#8221; el_class=&#8221;reset-sm-paddings&#8221;][vc_column_inner width=&#8221;1\/3&#8243; css=&#8221;.vc_custom_1450423994691{margin-bottom: 44px !important;}&#8221; offset=&#8221;vc_col-xs-12&#8243;][stm_icon icon_position=&#8221;icon_position_left&#8221; icon_size=&#8221;63&#8243;&#8230;<\/p>\n","protected":false},"author":1,"featured_media":0,"parent":0,"menu_order":0,"comment_status":"closed","ping_status":"closed","template":"","meta":[],"yoast_head":"<!-- This site is optimized with the Yoast SEO plugin v20.10 - https:\/\/yoast.com\/wordpress\/plugins\/seo\/ -->\n<title>Metin Group Uluslararas\u0131 Ta\u015f\u0131mac\u0131l\u0131k<\/title>\n<meta name=\"description\" content=\"Metin Group Uluslararas\u0131 nakliyat, Yurt i\u00e7inde ve yurt d\u0131\u015f\u0131nda etkin hizmet a\u011f\u0131. Karayolu - Parsiyel -A\u011f\u0131r - Proje - Komple Ta\u015f\u0131mac\u0131l\u0131k. Antrepo ve Depolama\" \/>\n<meta name=\"robots\" content=\"index, follow, max-snippet:-1, max-image-preview:large, max-video-preview:-1\" \/>\n<link rel=\"canonical\" href=\"https:\/\/metingroup.com.tr\/en\/\" \/>\n<meta property=\"og:locale\" content=\"en_US\" \/>\n<meta property=\"og:type\" content=\"article\" \/>\n<meta property=\"og:title\" content=\"Metin Group Uluslararas\u0131 Ta\u015f\u0131mac\u0131l\u0131k\" \/>\n<meta property=\"og:description\" content=\"Metin Group Uluslararas\u0131 nakliyat, Yurt i\u00e7inde ve yurt d\u0131\u015f\u0131nda etkin hizmet a\u011f\u0131. Karayolu - Parsiyel -A\u011f\u0131r - Proje - Komple Ta\u015f\u0131mac\u0131l\u0131k. Antrepo ve Depolama\" \/>\n<meta property=\"og:url\" content=\"https:\/\/metingroup.com.tr\/en\/\" \/>\n<meta property=\"og:site_name\" content=\"Metin Group\" \/>\n<meta property=\"article:modified_time\" content=\"2023-11-21T11:43:46+00:00\" \/>\n<meta name=\"twitter:card\" content=\"summary_large_image\" \/>\n<meta name=\"twitter:label1\" content=\"Est. reading time\" \/>\n\t<meta name=\"twitter:data1\" content=\"3 minutes\" \/>\n<script type=\"application\/ld+json\" class=\"yoast-schema-graph\">{\"@context\":\"https:\/\/schema.org\",\"@graph\":[{\"@type\":\"WebPage\",\"@id\":\"https:\/\/metingroup.com.tr\/en\/\",\"url\":\"https:\/\/metingroup.com.tr\/en\/\",\"name\":\"Metin Group Uluslararas\u0131 Ta\u015f\u0131mac\u0131l\u0131k\",\"isPartOf\":{\"@id\":\"https:\/\/metingroup.com.tr\/#website\"},\"datePublished\":\"2015-10-21T04:42:32+00:00\",\"dateModified\":\"2023-11-21T11:43:46+00:00\",\"description\":\"Metin Group Uluslararas\u0131 nakliyat, Yurt i\u00e7inde ve yurt d\u0131\u015f\u0131nda etkin hizmet a\u011f\u0131. Karayolu - Parsiyel -A\u011f\u0131r - Proje - Komple Ta\u015f\u0131mac\u0131l\u0131k. Antrepo ve Depolama\",\"breadcrumb\":{\"@id\":\"https:\/\/metingroup.com.tr\/en\/#breadcrumb\"},\"inLanguage\":\"en-US\",\"potentialAction\":[{\"@type\":\"ReadAction\",\"target\":[\"https:\/\/metingroup.com.tr\/en\/\"]}]},{\"@type\":\"BreadcrumbList\",\"@id\":\"https:\/\/metingroup.com.tr\/en\/#breadcrumb\",\"itemListElement\":[{\"@type\":\"ListItem\",\"position\":1,\"name\":\"Ana sayfa\",\"item\":\"https:\/\/metingroup.com.tr\/en\/\"},{\"@type\":\"ListItem\",\"position\":2,\"name\":\"Home Page\"}]},{\"@type\":\"WebSite\",\"@id\":\"https:\/\/metingroup.com.tr\/#website\",\"url\":\"https:\/\/metingroup.com.tr\/\",\"name\":\"Metin Group\",\"description\":\"Uluslararas\u0131 Ta\u015f\u0131mac\u0131l\u0131k\",\"publisher\":{\"@id\":\"https:\/\/metingroup.com.tr\/#organization\"},\"potentialAction\":[{\"@type\":\"SearchAction\",\"target\":{\"@type\":\"EntryPoint\",\"urlTemplate\":\"https:\/\/metingroup.com.tr\/?s={search_term_string}\"},\"query-input\":\"required name=search_term_string\"}],\"inLanguage\":\"en-US\"},{\"@type\":\"Organization\",\"@id\":\"https:\/\/metingroup.com.tr\/#organization\",\"name\":\"Metin Group\",\"url\":\"https:\/\/metingroup.com.tr\/\",\"logo\":{\"@type\":\"ImageObject\",\"inLanguage\":\"en-US\",\"@id\":\"https:\/\/metingroup.com.tr\/#\/schema\/logo\/image\/\",\"url\":\"https:\/\/metingroup.com.tr\/wp-content\/uploads\/2023\/07\/logo.png\",\"contentUrl\":\"https:\/\/metingroup.com.tr\/wp-content\/uploads\/2023\/07\/logo.png\",\"width\":250,\"height\":60,\"caption\":\"Metin Group\"},\"image\":{\"@id\":\"https:\/\/metingroup.com.tr\/#\/schema\/logo\/image\/\"}}]}<\/script>\n<!-- \/ Yoast SEO plugin. -->","yoast_head_json":{"title":"Metin Group Uluslararas\u0131 Ta\u015f\u0131mac\u0131l\u0131k","description":"Metin Group Uluslararas\u0131 nakliyat, Yurt i\u00e7inde ve yurt d\u0131\u015f\u0131nda etkin hizmet a\u011f\u0131. Karayolu - Parsiyel -A\u011f\u0131r - Proje - Komple Ta\u015f\u0131mac\u0131l\u0131k. Antrepo ve Depolama","robots":{"index":"index","follow":"follow","max-snippet":"max-snippet:-1","max-image-preview":"max-image-preview:large","max-video-preview":"max-video-preview:-1"},"canonical":"https:\/\/metingroup.com.tr\/en\/","og_locale":"en_US","og_type":"article","og_title":"Metin Group Uluslararas\u0131 Ta\u015f\u0131mac\u0131l\u0131k","og_description":"Metin Group Uluslararas\u0131 nakliyat, Yurt i\u00e7inde ve yurt d\u0131\u015f\u0131nda etkin hizmet a\u011f\u0131. Karayolu - Parsiyel -A\u011f\u0131r - Proje - Komple Ta\u015f\u0131mac\u0131l\u0131k. Antrepo ve Depolama","og_url":"https:\/\/metingroup.com.tr\/en\/","og_site_name":"Metin Group","article_modified_time":"2023-11-21T11:43:46+00:00","twitter_card":"summary_large_image","twitter_misc":{"Est. reading time":"3 minutes"},"schema":{"@context":"https:\/\/schema.org","@graph":[{"@type":"WebPage","@id":"https:\/\/metingroup.com.tr\/en\/","url":"https:\/\/metingroup.com.tr\/en\/","name":"Metin Group Uluslararas\u0131 Ta\u015f\u0131mac\u0131l\u0131k","isPartOf":{"@id":"https:\/\/metingroup.com.tr\/#website"},"datePublished":"2015-10-21T04:42:32+00:00","dateModified":"2023-11-21T11:43:46+00:00","description":"Metin Group Uluslararas\u0131 nakliyat, Yurt i\u00e7inde ve yurt d\u0131\u015f\u0131nda etkin hizmet a\u011f\u0131. Karayolu - Parsiyel -A\u011f\u0131r - Proje - Komple Ta\u015f\u0131mac\u0131l\u0131k. Antrepo ve Depolama","breadcrumb":{"@id":"https:\/\/metingroup.com.tr\/en\/#breadcrumb"},"inLanguage":"en-US","potentialAction":[{"@type":"ReadAction","target":["https:\/\/metingroup.com.tr\/en\/"]}]},{"@type":"BreadcrumbList","@id":"https:\/\/metingroup.com.tr\/en\/#breadcrumb","itemListElement":[{"@type":"ListItem","position":1,"name":"Ana sayfa","item":"https:\/\/metingroup.com.tr\/en\/"},{"@type":"ListItem","position":2,"name":"Home Page"}]},{"@type":"WebSite","@id":"https:\/\/metingroup.com.tr\/#website","url":"https:\/\/metingroup.com.tr\/","name":"Metin Group","description":"Uluslararas\u0131 Ta\u015f\u0131mac\u0131l\u0131k","publisher":{"@id":"https:\/\/metingroup.com.tr\/#organization"},"potentialAction":[{"@type":"SearchAction","target":{"@type":"EntryPoint","urlTemplate":"https:\/\/metingroup.com.tr\/?s={search_term_string}"},"query-input":"required name=search_term_string"}],"inLanguage":"en-US"},{"@type":"Organization","@id":"https:\/\/metingroup.com.tr\/#organization","name":"Metin Group","url":"https:\/\/metingroup.com.tr\/","logo":{"@type":"ImageObject","inLanguage":"en-US","@id":"https:\/\/metingroup.com.tr\/#\/schema\/logo\/image\/","url":"https:\/\/metingroup.com.tr\/wp-content\/uploads\/2023\/07\/logo.png","contentUrl":"https:\/\/metingroup.com.tr\/wp-content\/uploads\/2023\/07\/logo.png","width":250,"height":60,"caption":"Metin Group"},"image":{"@id":"https:\/\/metingroup.com.tr\/#\/schema\/logo\/image\/"}}]}},"_links":{"self":[{"href":"https:\/\/metingroup.com.tr\/en\/wp-json\/wp\/v2\/pages\/2326"}],"collection":[{"href":"https:\/\/metingroup.com.tr\/en\/wp-json\/wp\/v2\/pages"}],"about":[{"href":"https:\/\/metingroup.com.tr\/en\/wp-json\/wp\/v2\/types\/page"}],"author":[{"embeddable":true,"href":"https:\/\/metingroup.com.tr\/en\/wp-json\/wp\/v2\/users\/1"}],"replies":[{"embeddable":true,"href":"https:\/\/metingroup.com.tr\/en\/wp-json\/wp\/v2\/comments?post=2326"}],"version-history":[{"count":8,"href":"https:\/\/metingroup.com.tr\/en\/wp-json\/wp\/v2\/pages\/2326\/revisions"}],"predecessor-version":[{"id":2785,"href":"https:\/\/metingroup.com.tr\/en\/wp-json\/wp\/v2\/pages\/2326\/revisions\/2785"}],"wp:attachment":[{"href":"https:\/\/metingroup.com.tr\/en\/wp-json\/wp\/v2\/media?parent=2326"}],"curies":[{"name":"wp","href":"https:\/\/api.w.org\/{rel}","templated":true}]}}