{"id":2350,"date":"2019-03-25T11:34:03","date_gmt":"2019-03-25T08:34:03","guid":{"rendered":"http:\/\/metingroup.com\/hakkimizda\/"},"modified":"2023-11-21T14:36:53","modified_gmt":"2023-11-21T11:36:53","slug":"about-us","status":"publish","type":"page","link":"https:\/\/metingroup.com.tr\/en\/about-us\/","title":{"rendered":"About Us"},"content":{"rendered":"<p>[vc_row full_width=&#8221;stretch_row&#8221;][vc_column][vc_custom_heading text=&#8221;About Us&#8221; use_theme_fonts=&#8221;yes&#8221;][vc_column_text]<\/p>\n<div style=\"text-align: justify;\">\n<p>Our company was established in 1994 and started its activities with international transportation.<\/p>\n<p>Metin Group, with its innovative and expert staff, was established with the aim of providing reliable and uninterrupted service to its customers in determining the appropriate route in the process from the starting point of the shipment to the final delivery point, selecting the vehicles and equipment to be used and creating the most suitable price considering the seasonal conditions.<\/p>\n<\/div>\n<p>[\/vc_column_text][vc_row_inner][vc_column_inner width=&#8221;1\/3&#8243;][stm_icon icon_size=&#8221;71&#8243; icon_height=&#8221;72&#8243; title_font_size=&#8221;25&#8243; title_font_weight=&#8221;500&#8243; align=&#8221;center&#8221; icon=&#8221;stm-security&#8221; title=&#8221;Supereminence&#8221; text=&#8221;We keep the quality of service above the expectations of our customers.&#8221; text_color=&#8221;#161616&#8243;][\/vc_column_inner][vc_column_inner width=&#8221;1\/3&#8243;][stm_icon icon_size=&#8221;71&#8243; icon_height=&#8221;72&#8243; title_font_size=&#8221;25&#8243; title_font_weight=&#8221;500&#8243; align=&#8221;center&#8221; icon=&#8221;stm-fast-delivery&#8221; title=&#8221;On-time Delivery&#8221; text=&#8221;We guarantee to deliver your products on the scheduled day and time.&#8221; text_color=&#8221;#161616&#8243;][\/vc_column_inner][vc_column_inner width=&#8221;1\/3&#8243;][stm_icon icon_size=&#8221;71&#8243; icon_height=&#8221;72&#8243; title_font_size=&#8221;25&#8243; title_font_weight=&#8221;500&#8243; align=&#8221;center&#8221; icon=&#8221;stm-transport842&#8243; title=&#8221;Safe transport&#8221; text=&#8221;We guarantee the safest transportation with our vehicles.&#8221; text_color=&#8221;#161616&#8243;][\/vc_column_inner][\/vc_row_inner][\/vc_column][\/vc_row]<\/p>\n","protected":false},"excerpt":{"rendered":"<p>[vc_row full_width=&#8221;stretch_row&#8221;][vc_column][vc_custom_heading text=&#8221;About Us&#8221; use_theme_fonts=&#8221;yes&#8221;][vc_column_text] Our company was established in 1994 and started its activities with international transportation. Metin Group, with its innovative and expert staff, was established with the aim of providing&#8230;<\/p>\n","protected":false},"author":1,"featured_media":0,"parent":0,"menu_order":0,"comment_status":"closed","ping_status":"closed","template":"","meta":[],"yoast_head":"<!-- This site is optimized with the Yoast SEO plugin v20.10 - https:\/\/yoast.com\/wordpress\/plugins\/seo\/ -->\n<title>About Us - Metin Group<\/title>\n<meta name=\"robots\" content=\"index, follow, max-snippet:-1, max-image-preview:large, max-video-preview:-1\" \/>\n<link rel=\"canonical\" href=\"https:\/\/metingroup.com.tr\/en\/about-us\/\" \/>\n<meta property=\"og:locale\" content=\"en_US\" \/>\n<meta property=\"og:type\" content=\"article\" \/>\n<meta property=\"og:title\" content=\"About Us - Metin Group\" \/>\n<meta property=\"og:description\" content=\"[vc_row full_width=&#8221;stretch_row&#8221;][vc_column][vc_custom_heading text=&#8221;About Us&#8221; use_theme_fonts=&#8221;yes&#8221;][vc_column_text] Our company was established in 1994 and started its activities with international transportation. Metin Group, with its innovative and expert staff, was established with the aim of providing...\" \/>\n<meta property=\"og:url\" content=\"https:\/\/metingroup.com.tr\/en\/about-us\/\" \/>\n<meta property=\"og:site_name\" content=\"Metin Group\" \/>\n<meta property=\"article:modified_time\" content=\"2023-11-21T11:36:53+00:00\" \/>\n<meta name=\"twitter:card\" content=\"summary_large_image\" \/>\n<meta name=\"twitter:label1\" content=\"Est. reading time\" \/>\n\t<meta name=\"twitter:data1\" content=\"1 minute\" \/>\n<script type=\"application\/ld+json\" class=\"yoast-schema-graph\">{\"@context\":\"https:\/\/schema.org\",\"@graph\":[{\"@type\":\"WebPage\",\"@id\":\"https:\/\/metingroup.com.tr\/en\/about-us\/\",\"url\":\"https:\/\/metingroup.com.tr\/en\/about-us\/\",\"name\":\"About Us - Metin Group\",\"isPartOf\":{\"@id\":\"https:\/\/metingroup.com.tr\/#website\"},\"datePublished\":\"2019-03-25T08:34:03+00:00\",\"dateModified\":\"2023-11-21T11:36:53+00:00\",\"breadcrumb\":{\"@id\":\"https:\/\/metingroup.com.tr\/en\/about-us\/#breadcrumb\"},\"inLanguage\":\"en-US\",\"potentialAction\":[{\"@type\":\"ReadAction\",\"target\":[\"https:\/\/metingroup.com.tr\/en\/about-us\/\"]}]},{\"@type\":\"BreadcrumbList\",\"@id\":\"https:\/\/metingroup.com.tr\/en\/about-us\/#breadcrumb\",\"itemListElement\":[{\"@type\":\"ListItem\",\"position\":1,\"name\":\"Ana sayfa\",\"item\":\"https:\/\/metingroup.com.tr\/en\/\"},{\"@type\":\"ListItem\",\"position\":2,\"name\":\"About Us\"}]},{\"@type\":\"WebSite\",\"@id\":\"https:\/\/metingroup.com.tr\/#website\",\"url\":\"https:\/\/metingroup.com.tr\/\",\"name\":\"Metin Group\",\"description\":\"Uluslararas\u0131 Ta\u015f\u0131mac\u0131l\u0131k\",\"publisher\":{\"@id\":\"https:\/\/metingroup.com.tr\/#organization\"},\"potentialAction\":[{\"@type\":\"SearchAction\",\"target\":{\"@type\":\"EntryPoint\",\"urlTemplate\":\"https:\/\/metingroup.com.tr\/?s={search_term_string}\"},\"query-input\":\"required name=search_term_string\"}],\"inLanguage\":\"en-US\"},{\"@type\":\"Organization\",\"@id\":\"https:\/\/metingroup.com.tr\/#organization\",\"name\":\"Metin Group\",\"url\":\"https:\/\/metingroup.com.tr\/\",\"logo\":{\"@type\":\"ImageObject\",\"inLanguage\":\"en-US\",\"@id\":\"https:\/\/metingroup.com.tr\/#\/schema\/logo\/image\/\",\"url\":\"https:\/\/metingroup.com.tr\/wp-content\/uploads\/2023\/07\/logo.png\",\"contentUrl\":\"https:\/\/metingroup.com.tr\/wp-content\/uploads\/2023\/07\/logo.png\",\"width\":250,\"height\":60,\"caption\":\"Metin Group\"},\"image\":{\"@id\":\"https:\/\/metingroup.com.tr\/#\/schema\/logo\/image\/\"}}]}<\/script>\n<!-- \/ Yoast SEO plugin. -->","yoast_head_json":{"title":"About Us - Metin Group","robots":{"index":"index","follow":"follow","max-snippet":"max-snippet:-1","max-image-preview":"max-image-preview:large","max-video-preview":"max-video-preview:-1"},"canonical":"https:\/\/metingroup.com.tr\/en\/about-us\/","og_locale":"en_US","og_type":"article","og_title":"About Us - Metin Group","og_description":"[vc_row full_width=&#8221;stretch_row&#8221;][vc_column][vc_custom_heading text=&#8221;About Us&#8221; use_theme_fonts=&#8221;yes&#8221;][vc_column_text] Our company was established in 1994 and started its activities with international transportation. Metin Group, with its innovative and expert staff, was established with the aim of providing...","og_url":"https:\/\/metingroup.com.tr\/en\/about-us\/","og_site_name":"Metin Group","article_modified_time":"2023-11-21T11:36:53+00:00","twitter_card":"summary_large_image","twitter_misc":{"Est. reading time":"1 minute"},"schema":{"@context":"https:\/\/schema.org","@graph":[{"@type":"WebPage","@id":"https:\/\/metingroup.com.tr\/en\/about-us\/","url":"https:\/\/metingroup.com.tr\/en\/about-us\/","name":"About Us - Metin Group","isPartOf":{"@id":"https:\/\/metingroup.com.tr\/#website"},"datePublished":"2019-03-25T08:34:03+00:00","dateModified":"2023-11-21T11:36:53+00:00","breadcrumb":{"@id":"https:\/\/metingroup.com.tr\/en\/about-us\/#breadcrumb"},"inLanguage":"en-US","potentialAction":[{"@type":"ReadAction","target":["https:\/\/metingroup.com.tr\/en\/about-us\/"]}]},{"@type":"BreadcrumbList","@id":"https:\/\/metingroup.com.tr\/en\/about-us\/#breadcrumb","itemListElement":[{"@type":"ListItem","position":1,"name":"Ana sayfa","item":"https:\/\/metingroup.com.tr\/en\/"},{"@type":"ListItem","position":2,"name":"About Us"}]},{"@type":"WebSite","@id":"https:\/\/metingroup.com.tr\/#website","url":"https:\/\/metingroup.com.tr\/","name":"Metin Group","description":"Uluslararas\u0131 Ta\u015f\u0131mac\u0131l\u0131k","publisher":{"@id":"https:\/\/metingroup.com.tr\/#organization"},"potentialAction":[{"@type":"SearchAction","target":{"@type":"EntryPoint","urlTemplate":"https:\/\/metingroup.com.tr\/?s={search_term_string}"},"query-input":"required name=search_term_string"}],"inLanguage":"en-US"},{"@type":"Organization","@id":"https:\/\/metingroup.com.tr\/#organization","name":"Metin Group","url":"https:\/\/metingroup.com.tr\/","logo":{"@type":"ImageObject","inLanguage":"en-US","@id":"https:\/\/metingroup.com.tr\/#\/schema\/logo\/image\/","url":"https:\/\/metingroup.com.tr\/wp-content\/uploads\/2023\/07\/logo.png","contentUrl":"https:\/\/metingroup.com.tr\/wp-content\/uploads\/2023\/07\/logo.png","width":250,"height":60,"caption":"Metin Group"},"image":{"@id":"https:\/\/metingroup.com.tr\/#\/schema\/logo\/image\/"}}]}},"_links":{"self":[{"href":"https:\/\/metingroup.com.tr\/en\/wp-json\/wp\/v2\/pages\/2350"}],"collection":[{"href":"https:\/\/metingroup.com.tr\/en\/wp-json\/wp\/v2\/pages"}],"about":[{"href":"https:\/\/metingroup.com.tr\/en\/wp-json\/wp\/v2\/types\/page"}],"author":[{"embeddable":true,"href":"https:\/\/metingroup.com.tr\/en\/wp-json\/wp\/v2\/users\/1"}],"replies":[{"embeddable":true,"href":"https:\/\/metingroup.com.tr\/en\/wp-json\/wp\/v2\/comments?post=2350"}],"version-history":[{"count":4,"href":"https:\/\/metingroup.com.tr\/en\/wp-json\/wp\/v2\/pages\/2350\/revisions"}],"predecessor-version":[{"id":2782,"href":"https:\/\/metingroup.com.tr\/en\/wp-json\/wp\/v2\/pages\/2350\/revisions\/2782"}],"wp:attachment":[{"href":"https:\/\/metingroup.com.tr\/en\/wp-json\/wp\/v2\/media?parent=2350"}],"curies":[{"name":"wp","href":"https:\/\/api.w.org\/{rel}","templated":true}]}}