{"id":2363,"date":"2015-11-17T05:09:58","date_gmt":"2015-11-17T05:09:58","guid":{"rendered":"http:\/\/metingroup.com\/iletisim\/"},"modified":"2025-02-05T16:20:09","modified_gmt":"2025-02-05T13:20:09","slug":"contact","status":"publish","type":"page","link":"https:\/\/metingroup.com.tr\/en\/contact\/","title":{"rendered":"Contact"},"content":{"rendered":"<p>[vc_row full_width=&#8221;stretch_row_content_no_spaces&#8221; css=&#8221;.vc_custom_1624834033506{margin-bottom: 0px !important;}&#8221;][vc_column][vc_empty_space height=&#8221;150&#8243;][\/vc_column][\/vc_row][vc_row full_width=&#8221;stretch_row_content_no_spaces&#8221; css=&#8221;.vc_custom_1624834579489{margin-right: 50px !important;margin-left: 50px !important;}&#8221;][vc_column width=&#8221;1\/6&#8243;][\/vc_column][vc_column width=&#8221;1\/3&#8243; css=&#8221;.vc_custom_1658235270301{margin-right: 25px !important;margin-left: 50px !important;}&#8221;][vc_gmaps link=&#8221;#E-8_JTNDaWZyYW1lJTIwc3JjJTNEJTIyaHR0cHMlM0ElMkYlMkZ3d3cuZ29vZ2xlLmNvbSUyRm1hcHMlMkZlbWJlZCUzRnBiJTNEJTIxMW0xOCUyMTFtMTIlMjExbTMlMjExZDMwMTMuMzAzNzE2NTUyODk0JTIxMmQyOS4wOTczMTUwMTU2NjA4MSUyMTNkNDAuOTUyOTI0OTMwNzc3NTUlMjEybTMlMjExZjAlMjEyZjAlMjEzZjAlMjEzbTIlMjExaTEwMjQlMjEyaTc2OCUyMTRmMTMuMSUyMTNtMyUyMTFtMiUyMTFzMHgxNGNhZDg0Yzg3M2Y5NWI5JTI1M0EweGQ4ODg4MzRhMGJjMWU5YzUlMjEyelRXVjBhVzRnUjNKMWNDQlZiSFZ6YkdGeVlYSmhjOFN4SUZSaHhaX0VzVzFoWThTeGJNU3hhdyUyMTVlMCUyMTNtMiUyMTFzdHIlMjEyc3RyJTIxNHYxNjI1NTY3MjUzMTAzJTIxNW0yJTIxMXN0ciUyMTJzdHIlMjIlMjB3aWR0aCUzRCUyMjYwMCUyMiUyMGhlaWdodCUzRCUyMjQ1MCUyMiUyMHN0eWxlJTNEJTIyYm9yZGVyJTNBMCUzQiUyMiUyMGFsbG93ZnVsbHNjcmVlbiUzRCUyMiUyMiUyMGxvYWRpbmclM0QlMjJsYXp5JTIyJTNFJTNDJTJGaWZyYW1lJTNF&#8221; title=&#8221;Central Office&#8221;][vc_empty_space height=&#8221;30&#8243;][vc_column_text]<\/p>\n<h4><strong>Metin Group Center Office<\/strong><\/h4>\n<p><strong>Adres<\/strong>: Alt\u0131ntepe mah. Ba\u011fdat cad.No:47 Alt\u0131ntepe-Bostanc\u0131\/ Istanbul<\/p>\n<p><strong>Phone<\/strong>: 444 47 14\u00a0 \u2013 0 216 311 05 42<\/p>\n<p><strong>Fax<\/strong>: 0 216 311 14 61<\/p>\n<div id=\"gtx-trans\" style=\"position: absolute; left: -9px; top: 80.5312px;\">\n<div class=\"gtx-trans-icon\"><\/div>\n<\/div>\n<p>[\/vc_column_text][\/vc_column][vc_column width=&#8221;1\/3&#8243; css=&#8221;.vc_custom_1658235277879{margin-right: 50px !important;margin-left: 15px !important;}&#8221;][vc_gmaps link=&#8221;#E-8_JTNDaWZyYW1lJTIwc3JjJTNEJTIyaHR0cHMlM0ElMkYlMkZ3d3cuZ29vZ2xlLmNvbSUyRm1hcHMlMkZlbWJlZCUzRnBiJTNEJTIxMW0xOCUyMTFtMTIlMjExbTMlMjExZDMwMTUuMzcyMTIwOTQwNDI1NyUyMTJkMjkuMzcwNDQxMzE1NjU5NzQlMjEzZDQwLjkwNzU4NjAzMzU2MzMlMjEybTMlMjExZjAlMjEyZjAlMjEzZjAlMjEzbTIlMjExaTEwMjQlMjEyaTc2OCUyMTRmMTMuMSUyMTNtMyUyMTFtMiUyMTFzMHgxNGNhZDk2NjkyNmMyN2VmJTI1M0EweDg4NWE0YWVlNWZkYjNkMSUyMTJzTWV0aW4lMjUyMEdyb3VwJTI1MjBUJTI1QzQlMjVCMXIlMjUyMFBhcmslMjVDNCUyNUIxJTI1MjB2ZSUyNTIwU2VyYmVzdCUyNTIwRGVwb2xhbWElMjE1ZTAlMjEzbTIlMjExc3RyJTIxMnN0ciUyMTR2MTYyNzMwMDc4MjY0NyUyMTVtMiUyMTFzdHIlMjEyc3RyJTIyJTIwd2lkdGglM0QlMjI2MDAlMjIlMjBoZWlnaHQlM0QlMjI0NTAlMjIlMjBzdHlsZSUzRCUyMmJvcmRlciUzQTAlM0IlMjIlMjBhbGxvd2Z1bGxzY3JlZW4lM0QlMjIlMjIlMjBsb2FkaW5nJTNEJTIybGF6eSUyMiUzRSUzQyUyRmlmcmFtZSUzRQ==&#8221; title=&#8221;Truck Parking &amp; Free Storage&#8221;][vc_empty_space height=&#8221;30&#8243;][vc_column_text]<\/p>\n<h4><strong>Metin Group Truck Parking &amp; Free Storage<\/strong><\/h4>\n<p><strong>Adresse<\/strong>: Anadolu Mah. Alsancak cad.No:27 Orhanl\u0131\/Tuzla<\/p>\n<p><strong>Contact Person<\/strong>\u00a0: Ersan \u00c7elikel<\/p>\n<p><strong>Phone<\/strong>:\u00a0 0216 311 20 12<\/p>\n<p><strong>Fax<\/strong>: 0216 311 35 02<\/p>\n<div id=\"gtx-trans\" style=\"position: absolute; left: 2px; top: 80.5312px;\">\n<div class=\"gtx-trans-icon\"><\/div>\n<\/div>\n<p>[\/vc_column_text][\/vc_column][vc_column width=&#8221;1\/6&#8243;][\/vc_column][\/vc_row][vc_row][vc_column][vc_empty_space height=&#8221;50px&#8221;][\/vc_column][\/vc_row][vc_row][vc_column width=&#8221;1\/2&#8243;][vc_column_text]<\/p>\n<h4>Contact Us<\/h4>\n<p>You can use this short contact form to send us your questions and requests about Metin Group.[\/vc_column_text]\n<div class=\"wpcf7 no-js\" id=\"wpcf7-f2428-o1\" lang=\"tr-TR\" dir=\"ltr\">\n<div class=\"screen-reader-response\"><p role=\"status\" aria-live=\"polite\" aria-atomic=\"true\"><\/p> <ul><\/ul><\/div>\n<form action=\"\/en\/wp-json\/wp\/v2\/pages\/2363#wpcf7-f2428-o1\" method=\"post\" class=\"wpcf7-form init\" aria-label=\"Contact form\" novalidate=\"novalidate\" data-status=\"init\">\n<div style=\"display: none;\">\n<input type=\"hidden\" name=\"_wpcf7\" value=\"2428\" \/>\n<input type=\"hidden\" name=\"_wpcf7_version\" value=\"5.7.7\" \/>\n<input type=\"hidden\" name=\"_wpcf7_locale\" value=\"tr_TR\" \/>\n<input type=\"hidden\" name=\"_wpcf7_unit_tag\" value=\"wpcf7-f2428-o1\" \/>\n<input type=\"hidden\" name=\"_wpcf7_container_post\" value=\"0\" \/>\n<input type=\"hidden\" name=\"_wpcf7_posted_data_hash\" value=\"\" \/>\n<\/div>\n<p><label> Name (required)<br \/>\n<span class=\"wpcf7-form-control-wrap\" data-name=\"your-name\"><input size=\"40\" class=\"wpcf7-form-control wpcf7-text wpcf7-validates-as-required\" aria-required=\"true\" aria-invalid=\"false\" value=\"\" type=\"text\" name=\"your-name\" \/><\/span> <\/label>\n<\/p>\n<p><label> E-mail Address (required)<br \/>\n<span class=\"wpcf7-form-control-wrap\" data-name=\"your-email\"><input size=\"40\" class=\"wpcf7-form-control wpcf7-text wpcf7-email wpcf7-validates-as-required wpcf7-validates-as-email\" aria-required=\"true\" aria-invalid=\"false\" value=\"\" type=\"email\" name=\"your-email\" \/><\/span> <\/label>\n<\/p>\n<p><label> Subject<br \/>\n<span class=\"wpcf7-form-control-wrap\" data-name=\"your-subject\"><input size=\"40\" class=\"wpcf7-form-control wpcf7-text\" aria-invalid=\"false\" value=\"\" type=\"text\" name=\"your-subject\" \/><\/span> <\/label>\n<\/p>\n<p><label> Message<br \/>\n<span class=\"wpcf7-form-control-wrap\" data-name=\"your-message\"><textarea cols=\"40\" rows=\"10\" class=\"wpcf7-form-control wpcf7-textarea\" aria-invalid=\"false\" name=\"your-message\"><\/textarea><\/span> <\/label>\n<\/p>\n<p><input class=\"wpcf7-form-control has-spinner wpcf7-submit\" type=\"submit\" value=\"Submit\" \/>\n<\/p><div class=\"wpcf7-response-output\" aria-hidden=\"true\"><\/div>\n<\/form>\n<\/div>\n[\/vc_column][vc_column width=&#8221;1\/2&#8243;][vc_column_text]<\/p>\n<h4><strong>Mail Contact<\/strong><\/h4>\n<p>[\/vc_column_text][vc_column_text]<strong>General Manager<\/strong><br \/>\n<strong>Metin \u00d6ZKAVCI<\/strong><br \/>\n<a href=\"mailto:metinozkavci@metingroup.com.tr\">metinozkavci@metingroup.com.tr<\/a><\/p>\n<p><strong>Import Department<\/strong><br \/>\n<strong>Raif G\u00d6K\u00c7E<\/strong><br \/>\n<a href=\"mailto:italya@metingroup.com.tr\">italya@metingroup.com.tr<\/a><\/p>\n<p><strong>\u015e\u00fckriye \u00c7atal D\u0130VR\u0130KL\u0130<\/strong><br \/>\n<a href=\"mailto:almanya@metingroup.com.tr\">almanya@metingroup.com.tr<\/a><\/p>\n<p><strong>Export department<\/strong><br \/>\n<strong>Naim KA\u015eIK\u00c7I<\/strong><br \/>\n<a href=\"mailto:naimkasikci@metingroup.com.tr\">naimkasikci@metingroup.com.tr<\/a><\/p>\n<p><strong>The Customs Operations and\u00a0 Warehouse Department<\/strong><br \/>\n<strong>G\u00fcnay AKYOL<\/strong><br \/>\n<a href=\"mailto:gunayakyol@metingroup.com.tr\">gunayakyol@metingroup.com.tr<\/a><br \/>\n<a href=\"mailto:antrepo@metingroup.com.tr\">antrepo@metingroup.com.tr<\/a><\/p>\n<p><strong>Financial Accounting Department<\/strong><br \/>\n<strong>Nazl\u0131 C\u0130\u011eER<\/strong><br \/>\n<a href=\"mailto:nazliciger@metingroup.com.tr\">nazliciger@metingroup.com.tr<\/a><\/p>\n<p><strong>Fleet Operations Department<\/strong><br \/>\n<strong>Ersan \u00c7EL\u0130KEL<\/strong><br \/>\n<a href=\"mailto:ersan.celikel@metingroup.com.tr\">ersan.celikel@metingroup.com.tr<\/a><\/p>\n<div id=\"gtx-trans\" style=\"position: absolute; left: -1px; top: 718px;\">\n<div class=\"gtx-trans-icon\"><\/div>\n<\/div>\n<p>[\/vc_column_text][\/vc_column][\/vc_row]<\/p>\n","protected":false},"excerpt":{"rendered":"<p>[vc_row full_width=&#8221;stretch_row_content_no_spaces&#8221; css=&#8221;.vc_custom_1624834033506{margin-bottom: 0px !important;}&#8221;][vc_column][vc_empty_space height=&#8221;150&#8243;][\/vc_column][\/vc_row][vc_row full_width=&#8221;stretch_row_content_no_spaces&#8221; css=&#8221;.vc_custom_1624834579489{margin-right: 50px !important;margin-left: 50px !important;}&#8221;][vc_column width=&#8221;1\/6&#8243;][\/vc_column][vc_column width=&#8221;1\/3&#8243; css=&#8221;.vc_custom_1658235270301{margin-right: 25px !important;margin-left: 50px !important;}&#8221;][vc_gmaps link=&#8221;#E-8_JTNDaWZyYW1lJTIwc3JjJTNEJTIyaHR0cHMlM0ElMkYlMkZ3d3cuZ29vZ2xlLmNvbSUyRm1hcHMlMkZlbWJlZCUzRnBiJTNEJTIxMW0xOCUyMTFtMTIlMjExbTMlMjExZDMwMTMuMzAzNzE2NTUyODk0JTIxMmQyOS4wOTczMTUwMTU2NjA4MSUyMTNkNDAuOTUyOTI0OTMwNzc3NTUlMjEybTMlMjExZjAlMjEyZjAlMjEzZjAlMjEzbTIlMjExaTEwMjQlMjEyaTc2OCUyMTRmMTMuMSUyMTNtMyUyMTFtMiUyMTFzMHgxNGNhZDg0Yzg3M2Y5NWI5JTI1M0EweGQ4ODg4MzRhMGJjMWU5YzUlMjEyelRXVjBhVzRnUjNKMWNDQlZiSFZ6YkdGeVlYSmhjOFN4SUZSaHhaX0VzVzFoWThTeGJNU3hhdyUyMTVlMCUyMTNtMiUyMTFzdHIlMjEyc3RyJTIxNHYxNjI1NTY3MjUzMTAzJTIxNW0yJTIxMXN0ciUyMTJzdHIlMjIlMjB3aWR0aCUzRCUyMjYwMCUyMiUyMGhlaWdodCUzRCUyMjQ1MCUyMiUyMHN0eWxlJTNEJTIyYm9yZGVyJTNBMCUzQiUyMiUyMGFsbG93ZnVsbHNjcmVlbiUzRCUyMiUyMiUyMGxvYWRpbmclM0QlMjJsYXp5JTIyJTNFJTNDJTJGaWZyYW1lJTNF&#8221; title=&#8221;Central Office&#8221;][vc_empty_space height=&#8221;30&#8243;][vc_column_text] Metin Group Center Office Adres: Alt\u0131ntepe mah. Ba\u011fdat cad.No:47 Alt\u0131ntepe-Bostanc\u0131\/&#8230;<\/p>\n","protected":false},"author":1,"featured_media":0,"parent":0,"menu_order":0,"comment_status":"closed","ping_status":"closed","template":"","meta":[],"yoast_head":"<!-- This site is optimized with the Yoast SEO plugin v20.10 - https:\/\/yoast.com\/wordpress\/plugins\/seo\/ -->\n<title>Contact - Metin Group<\/title>\n<meta name=\"robots\" content=\"index, follow, max-snippet:-1, max-image-preview:large, max-video-preview:-1\" \/>\n<link rel=\"canonical\" href=\"https:\/\/metingroup.com.tr\/en\/contact\/\" \/>\n<meta property=\"og:locale\" content=\"en_US\" \/>\n<meta property=\"og:type\" content=\"article\" \/>\n<meta property=\"og:title\" content=\"Contact - Metin Group\" \/>\n<meta property=\"og:description\" content=\"[vc_row full_width=&#8221;stretch_row_content_no_spaces&#8221; css=&#8221;.vc_custom_1624834033506{margin-bottom: 0px !important;}&#8221;][vc_column][vc_empty_space height=&#8221;150&#8243;][\/vc_column][\/vc_row][vc_row full_width=&#8221;stretch_row_content_no_spaces&#8221; css=&#8221;.vc_custom_1624834579489{margin-right: 50px !important;margin-left: 50px !important;}&#8221;][vc_column width=&#8221;1\/6&#8243;][\/vc_column][vc_column width=&#8221;1\/3&#8243; css=&#8221;.vc_custom_1658235270301{margin-right: 25px !important;margin-left: 50px !important;}&#8221;][vc_gmaps link=&#8221;#E-8_JTNDaWZyYW1lJTIwc3JjJTNEJTIyaHR0cHMlM0ElMkYlMkZ3d3cuZ29vZ2xlLmNvbSUyRm1hcHMlMkZlbWJlZCUzRnBiJTNEJTIxMW0xOCUyMTFtMTIlMjExbTMlMjExZDMwMTMuMzAzNzE2NTUyODk0JTIxMmQyOS4wOTczMTUwMTU2NjA4MSUyMTNkNDAuOTUyOTI0OTMwNzc3NTUlMjEybTMlMjExZjAlMjEyZjAlMjEzZjAlMjEzbTIlMjExaTEwMjQlMjEyaTc2OCUyMTRmMTMuMSUyMTNtMyUyMTFtMiUyMTFzMHgxNGNhZDg0Yzg3M2Y5NWI5JTI1M0EweGQ4ODg4MzRhMGJjMWU5YzUlMjEyelRXVjBhVzRnUjNKMWNDQlZiSFZ6YkdGeVlYSmhjOFN4SUZSaHhaX0VzVzFoWThTeGJNU3hhdyUyMTVlMCUyMTNtMiUyMTFzdHIlMjEyc3RyJTIxNHYxNjI1NTY3MjUzMTAzJTIxNW0yJTIxMXN0ciUyMTJzdHIlMjIlMjB3aWR0aCUzRCUyMjYwMCUyMiUyMGhlaWdodCUzRCUyMjQ1MCUyMiUyMHN0eWxlJTNEJTIyYm9yZGVyJTNBMCUzQiUyMiUyMGFsbG93ZnVsbHNjcmVlbiUzRCUyMiUyMiUyMGxvYWRpbmclM0QlMjJsYXp5JTIyJTNFJTNDJTJGaWZyYW1lJTNF&#8221; title=&#8221;Central Office&#8221;][vc_empty_space height=&#8221;30&#8243;][vc_column_text] Metin Group Center Office Adres: Alt\u0131ntepe mah. Ba\u011fdat cad.No:47 Alt\u0131ntepe-Bostanc\u0131\/...\" \/>\n<meta property=\"og:url\" content=\"https:\/\/metingroup.com.tr\/en\/contact\/\" \/>\n<meta property=\"og:site_name\" content=\"Metin Group\" \/>\n<meta property=\"article:modified_time\" content=\"2025-02-05T13:20:09+00:00\" \/>\n<meta name=\"twitter:card\" content=\"summary_large_image\" \/>\n<meta name=\"twitter:label1\" content=\"Est. reading time\" \/>\n\t<meta name=\"twitter:data1\" content=\"1 minute\" \/>\n<script type=\"application\/ld+json\" class=\"yoast-schema-graph\">{\"@context\":\"https:\/\/schema.org\",\"@graph\":[{\"@type\":\"WebPage\",\"@id\":\"https:\/\/metingroup.com.tr\/en\/contact\/\",\"url\":\"https:\/\/metingroup.com.tr\/en\/contact\/\",\"name\":\"Contact - Metin Group\",\"isPartOf\":{\"@id\":\"https:\/\/metingroup.com.tr\/#website\"},\"datePublished\":\"2015-11-17T05:09:58+00:00\",\"dateModified\":\"2025-02-05T13:20:09+00:00\",\"breadcrumb\":{\"@id\":\"https:\/\/metingroup.com.tr\/en\/contact\/#breadcrumb\"},\"inLanguage\":\"en-US\",\"potentialAction\":[{\"@type\":\"ReadAction\",\"target\":[\"https:\/\/metingroup.com.tr\/en\/contact\/\"]}]},{\"@type\":\"BreadcrumbList\",\"@id\":\"https:\/\/metingroup.com.tr\/en\/contact\/#breadcrumb\",\"itemListElement\":[{\"@type\":\"ListItem\",\"position\":1,\"name\":\"Ana sayfa\",\"item\":\"https:\/\/metingroup.com.tr\/en\/\"},{\"@type\":\"ListItem\",\"position\":2,\"name\":\"Contact\"}]},{\"@type\":\"WebSite\",\"@id\":\"https:\/\/metingroup.com.tr\/#website\",\"url\":\"https:\/\/metingroup.com.tr\/\",\"name\":\"Metin Group\",\"description\":\"Uluslararas\u0131 Ta\u015f\u0131mac\u0131l\u0131k\",\"publisher\":{\"@id\":\"https:\/\/metingroup.com.tr\/#organization\"},\"potentialAction\":[{\"@type\":\"SearchAction\",\"target\":{\"@type\":\"EntryPoint\",\"urlTemplate\":\"https:\/\/metingroup.com.tr\/?s={search_term_string}\"},\"query-input\":\"required name=search_term_string\"}],\"inLanguage\":\"en-US\"},{\"@type\":\"Organization\",\"@id\":\"https:\/\/metingroup.com.tr\/#organization\",\"name\":\"Metin Group\",\"url\":\"https:\/\/metingroup.com.tr\/\",\"logo\":{\"@type\":\"ImageObject\",\"inLanguage\":\"en-US\",\"@id\":\"https:\/\/metingroup.com.tr\/#\/schema\/logo\/image\/\",\"url\":\"https:\/\/metingroup.com.tr\/wp-content\/uploads\/2023\/07\/logo.png\",\"contentUrl\":\"https:\/\/metingroup.com.tr\/wp-content\/uploads\/2023\/07\/logo.png\",\"width\":250,\"height\":60,\"caption\":\"Metin Group\"},\"image\":{\"@id\":\"https:\/\/metingroup.com.tr\/#\/schema\/logo\/image\/\"}}]}<\/script>\n<!-- \/ Yoast SEO plugin. -->","yoast_head_json":{"title":"Contact - Metin Group","robots":{"index":"index","follow":"follow","max-snippet":"max-snippet:-1","max-image-preview":"max-image-preview:large","max-video-preview":"max-video-preview:-1"},"canonical":"https:\/\/metingroup.com.tr\/en\/contact\/","og_locale":"en_US","og_type":"article","og_title":"Contact - Metin Group","og_description":"[vc_row full_width=&#8221;stretch_row_content_no_spaces&#8221; css=&#8221;.vc_custom_1624834033506{margin-bottom: 0px !important;}&#8221;][vc_column][vc_empty_space height=&#8221;150&#8243;][\/vc_column][\/vc_row][vc_row full_width=&#8221;stretch_row_content_no_spaces&#8221; css=&#8221;.vc_custom_1624834579489{margin-right: 50px !important;margin-left: 50px !important;}&#8221;][vc_column width=&#8221;1\/6&#8243;][\/vc_column][vc_column width=&#8221;1\/3&#8243; css=&#8221;.vc_custom_1658235270301{margin-right: 25px !important;margin-left: 50px !important;}&#8221;][vc_gmaps link=&#8221;#E-8_JTNDaWZyYW1lJTIwc3JjJTNEJTIyaHR0cHMlM0ElMkYlMkZ3d3cuZ29vZ2xlLmNvbSUyRm1hcHMlMkZlbWJlZCUzRnBiJTNEJTIxMW0xOCUyMTFtMTIlMjExbTMlMjExZDMwMTMuMzAzNzE2NTUyODk0JTIxMmQyOS4wOTczMTUwMTU2NjA4MSUyMTNkNDAuOTUyOTI0OTMwNzc3NTUlMjEybTMlMjExZjAlMjEyZjAlMjEzZjAlMjEzbTIlMjExaTEwMjQlMjEyaTc2OCUyMTRmMTMuMSUyMTNtMyUyMTFtMiUyMTFzMHgxNGNhZDg0Yzg3M2Y5NWI5JTI1M0EweGQ4ODg4MzRhMGJjMWU5YzUlMjEyelRXVjBhVzRnUjNKMWNDQlZiSFZ6YkdGeVlYSmhjOFN4SUZSaHhaX0VzVzFoWThTeGJNU3hhdyUyMTVlMCUyMTNtMiUyMTFzdHIlMjEyc3RyJTIxNHYxNjI1NTY3MjUzMTAzJTIxNW0yJTIxMXN0ciUyMTJzdHIlMjIlMjB3aWR0aCUzRCUyMjYwMCUyMiUyMGhlaWdodCUzRCUyMjQ1MCUyMiUyMHN0eWxlJTNEJTIyYm9yZGVyJTNBMCUzQiUyMiUyMGFsbG93ZnVsbHNjcmVlbiUzRCUyMiUyMiUyMGxvYWRpbmclM0QlMjJsYXp5JTIyJTNFJTNDJTJGaWZyYW1lJTNF&#8221; title=&#8221;Central Office&#8221;][vc_empty_space height=&#8221;30&#8243;][vc_column_text] Metin Group Center Office Adres: Alt\u0131ntepe mah. Ba\u011fdat cad.No:47 Alt\u0131ntepe-Bostanc\u0131\/...","og_url":"https:\/\/metingroup.com.tr\/en\/contact\/","og_site_name":"Metin Group","article_modified_time":"2025-02-05T13:20:09+00:00","twitter_card":"summary_large_image","twitter_misc":{"Est. reading time":"1 minute"},"schema":{"@context":"https:\/\/schema.org","@graph":[{"@type":"WebPage","@id":"https:\/\/metingroup.com.tr\/en\/contact\/","url":"https:\/\/metingroup.com.tr\/en\/contact\/","name":"Contact - Metin Group","isPartOf":{"@id":"https:\/\/metingroup.com.tr\/#website"},"datePublished":"2015-11-17T05:09:58+00:00","dateModified":"2025-02-05T13:20:09+00:00","breadcrumb":{"@id":"https:\/\/metingroup.com.tr\/en\/contact\/#breadcrumb"},"inLanguage":"en-US","potentialAction":[{"@type":"ReadAction","target":["https:\/\/metingroup.com.tr\/en\/contact\/"]}]},{"@type":"BreadcrumbList","@id":"https:\/\/metingroup.com.tr\/en\/contact\/#breadcrumb","itemListElement":[{"@type":"ListItem","position":1,"name":"Ana sayfa","item":"https:\/\/metingroup.com.tr\/en\/"},{"@type":"ListItem","position":2,"name":"Contact"}]},{"@type":"WebSite","@id":"https:\/\/metingroup.com.tr\/#website","url":"https:\/\/metingroup.com.tr\/","name":"Metin Group","description":"Uluslararas\u0131 Ta\u015f\u0131mac\u0131l\u0131k","publisher":{"@id":"https:\/\/metingroup.com.tr\/#organization"},"potentialAction":[{"@type":"SearchAction","target":{"@type":"EntryPoint","urlTemplate":"https:\/\/metingroup.com.tr\/?s={search_term_string}"},"query-input":"required name=search_term_string"}],"inLanguage":"en-US"},{"@type":"Organization","@id":"https:\/\/metingroup.com.tr\/#organization","name":"Metin Group","url":"https:\/\/metingroup.com.tr\/","logo":{"@type":"ImageObject","inLanguage":"en-US","@id":"https:\/\/metingroup.com.tr\/#\/schema\/logo\/image\/","url":"https:\/\/metingroup.com.tr\/wp-content\/uploads\/2023\/07\/logo.png","contentUrl":"https:\/\/metingroup.com.tr\/wp-content\/uploads\/2023\/07\/logo.png","width":250,"height":60,"caption":"Metin Group"},"image":{"@id":"https:\/\/metingroup.com.tr\/#\/schema\/logo\/image\/"}}]}},"_links":{"self":[{"href":"https:\/\/metingroup.com.tr\/en\/wp-json\/wp\/v2\/pages\/2363"}],"collection":[{"href":"https:\/\/metingroup.com.tr\/en\/wp-json\/wp\/v2\/pages"}],"about":[{"href":"https:\/\/metingroup.com.tr\/en\/wp-json\/wp\/v2\/types\/page"}],"author":[{"embeddable":true,"href":"https:\/\/metingroup.com.tr\/en\/wp-json\/wp\/v2\/users\/1"}],"replies":[{"embeddable":true,"href":"https:\/\/metingroup.com.tr\/en\/wp-json\/wp\/v2\/comments?post=2363"}],"version-history":[{"count":16,"href":"https:\/\/metingroup.com.tr\/en\/wp-json\/wp\/v2\/pages\/2363\/revisions"}],"predecessor-version":[{"id":2811,"href":"https:\/\/metingroup.com.tr\/en\/wp-json\/wp\/v2\/pages\/2363\/revisions\/2811"}],"wp:attachment":[{"href":"https:\/\/metingroup.com.tr\/en\/wp-json\/wp\/v2\/media?parent=2363"}],"curies":[{"name":"wp","href":"https:\/\/api.w.org\/{rel}","templated":true}]}}