{"id":2366,"date":"2019-04-08T13:21:49","date_gmt":"2019-04-08T10:21:49","guid":{"rendered":"http:\/\/metingroup.com\/insan-kaynaklari\/"},"modified":"2019-12-29T20:23:49","modified_gmt":"2019-12-29T17:23:49","slug":"human-resources","status":"publish","type":"page","link":"https:\/\/metingroup.com.tr\/en\/human-resources\/","title":{"rendered":"Human Resources"},"content":{"rendered":"<p>[vc_row][vc_column width=&#8221;1\/2&#8243;][vc_column_text]<\/p>\n<h2>Our Human Resources Policy<\/h2>\n<div id=\"gtx-trans\" style=\"position: absolute; left: -7px; top: 51.9063px;\">\n<div class=\"gtx-trans-icon\"><\/div>\n<\/div>\n<p>[\/vc_column_text][vc_column_text]As Metin Group, our human resources policy;<\/p>\n<ul>\n<li>To choose our family members with the right person principle,<\/li>\n<li>Organizing and improving the trainings they need,<\/li>\n<li>Measuring potential and performance,<\/li>\n<li>To direct their careers in line with their abilities.<\/li>\n<\/ul>\n<p>If you want to be a member of our young and dynamic team, please fill out the contact form;[\/vc_column_text][\/vc_column][vc_column width=&#8221;1\/2&#8243;][vc_column_text]<\/p>\n<h2>Contact Form<\/h2>\n<p>[\/vc_column_text]\n<div class=\"wpcf7 no-js\" id=\"wpcf7-f2426-o1\" lang=\"en-US\" dir=\"ltr\">\n<div class=\"screen-reader-response\"><p role=\"status\" aria-live=\"polite\" aria-atomic=\"true\"><\/p> <ul><\/ul><\/div>\n<form action=\"\/en\/wp-json\/wp\/v2\/pages\/2366#wpcf7-f2426-o1\" method=\"post\" class=\"wpcf7-form init\" aria-label=\"Contact form\" enctype=\"multipart\/form-data\" novalidate=\"novalidate\" data-status=\"init\">\n<div style=\"display: none;\">\n<input type=\"hidden\" name=\"_wpcf7\" value=\"2426\" \/>\n<input type=\"hidden\" name=\"_wpcf7_version\" value=\"5.7.7\" \/>\n<input type=\"hidden\" name=\"_wpcf7_locale\" value=\"en_US\" \/>\n<input type=\"hidden\" name=\"_wpcf7_unit_tag\" value=\"wpcf7-f2426-o1\" \/>\n<input type=\"hidden\" name=\"_wpcf7_container_post\" value=\"0\" \/>\n<input type=\"hidden\" name=\"_wpcf7_posted_data_hash\" value=\"\" \/>\n<\/div>\n<p><label> Name Surname (required)<br \/>\n<span class=\"wpcf7-form-control-wrap\" data-name=\"your-name\"><input size=\"40\" class=\"wpcf7-form-control wpcf7-text wpcf7-validates-as-required\" aria-required=\"true\" aria-invalid=\"false\" value=\"\" type=\"text\" name=\"your-name\" \/><\/span> <\/label>\n<\/p>\n<p><label> E-Mail Address (required)<br \/>\n<span class=\"wpcf7-form-control-wrap\" data-name=\"your-email\"><input size=\"40\" class=\"wpcf7-form-control wpcf7-text wpcf7-email wpcf7-validates-as-required wpcf7-validates-as-email\" aria-required=\"true\" aria-invalid=\"false\" value=\"\" type=\"email\" name=\"your-email\" \/><\/span> <\/label>\n<\/p>\n<p><label> <span class=\"wpcf7-form-control-wrap\" data-name=\"CV\"><input size=\"40\" class=\"wpcf7-form-control wpcf7-file\" accept=\"audio\/*,video\/*,image\/*\" aria-invalid=\"false\" type=\"file\" name=\"CV\" \/><\/span> <\/label>\n<\/p>\n<p><span class=\"wpcf7-form-control-wrap\" data-name=\"quiz-389\"><label><span class=\"wpcf7-quiz-label\">1+5=?<\/span> <input size=\"40\" class=\"wpcf7-form-control wpcf7-quiz\" autocomplete=\"off\" aria-required=\"true\" aria-invalid=\"false\" type=\"text\" name=\"quiz-389\" \/><\/label><input type=\"hidden\" name=\"_wpcf7_quiz_answer_quiz-389\" value=\"e72055a93e74606494587df4035993e3\" \/><\/span>\n<\/p>\n<p><input class=\"wpcf7-form-control has-spinner wpcf7-submit\" type=\"submit\" value=\"Submit\" \/>\n<\/p><div class=\"wpcf7-response-output\" aria-hidden=\"true\"><\/div>\n<\/form>\n<\/div>\n[\/vc_column][\/vc_row][vc_row][vc_column][vc_empty_space][\/vc_column][\/vc_row][vc_row full_width=&#8221;stretch_row_content_no_spaces&#8221; el_class=&#8221;secondary_bg_color convert_to_table services_icons&#8221; css=&#8221;.vc_custom_1449204239642{margin-bottom: 0px !important;}&#8221;][vc_column css=&#8221;.vc_custom_1449204255225{padding-top: 75px !important;padding-right: 115px !important;padding-bottom: 75px !important;padding-left: 115px !important;}&#8221; offset=&#8221;vc_col-lg-4 vc_col-md-4&#8243;][stm_icon icon_size=&#8221;67&#8243; icon_height=&#8221;90&#8243; title_font_size=&#8221;24&#8243; title_font_weight=&#8221;700&#8243; align=&#8221;center&#8221; icon=&#8221;stm-security&#8221; title=&#8221;Reliable&#8221; icon_color=&#8221;#ffffff&#8221; title_color=&#8221;#ffffff&#8221; text_color=&#8221;#ffffff&#8221; text=&#8221;With its reliable and professional network capacity, Metin Group serves all destinations efficiently.&#8221;][\/vc_column][vc_column css=&#8221;.vc_custom_1554720105803{padding-top: 100px !important;padding-right: 115px !important;padding-bottom: 75px !important;padding-left: 115px !important;background-color: rgba(0,0,0,0.1) !important;*background-color: rgb(0,0,0) !important;}&#8221; offset=&#8221;vc_col-lg-4 vc_col-md-4&#8243;][stm_icon icon_size=&#8221;67&#8243; icon_height=&#8221;90&#8243; title_font_size=&#8221;24&#8243; title_font_weight=&#8221;700&#8243; align=&#8221;center&#8221; icon=&#8221;stm-fast-delivery&#8221; title=&#8221;Fast Logistics&#8221; icon_color=&#8221;#ffffff&#8221; title_color=&#8221;#ffffff&#8221; text_color=&#8221;#ffffff&#8221; text=&#8221;Fast and Uninterrupted Service in Road, Air, Sea, Combined Transportation and All Storage Services.&#8221;][\/vc_column][vc_column css=&#8221;.vc_custom_1449204266169{padding-top: 75px !important;padding-right: 115px !important;padding-bottom: 75px !important;padding-left: 115px !important;background-color: rgba(0,0,0,0.2) !important;*background-color: rgb(0,0,0) !important;}&#8221; offset=&#8221;vc_col-lg-4 vc_col-md-4&#8243;][stm_icon icon_size=&#8221;67&#8243; icon_height=&#8221;90&#8243; title_font_size=&#8221;24&#8243; title_font_weight=&#8221;700&#8243; align=&#8221;center&#8221; icon=&#8221;stm-support&#8221; title=&#8221;24\/7 Support&#8221; text=&#8221;24-hour communication support, the ability to obtain the necessary information and on-site support with on-site vehicle allocation upon request&#8221; icon_color=&#8221;#ffffff&#8221; title_color=&#8221;#ffffff&#8221; text_color=&#8221;#ffffff&#8221;][\/vc_column][\/vc_row]<\/p>\n","protected":false},"excerpt":{"rendered":"<p>[vc_row][vc_column width=&#8221;1\/2&#8243;][vc_column_text] Our Human Resources Policy [\/vc_column_text][vc_column_text]As Metin Group, our human resources policy; To choose our family members with the right person principle, Organizing and improving the trainings they need, Measuring potential and&#8230;<\/p>\n","protected":false},"author":1,"featured_media":0,"parent":0,"menu_order":0,"comment_status":"closed","ping_status":"closed","template":"","meta":[],"yoast_head":"<!-- This site is optimized with the Yoast SEO plugin v20.10 - https:\/\/yoast.com\/wordpress\/plugins\/seo\/ -->\n<title>Human Resources - Metin Group<\/title>\n<meta name=\"robots\" content=\"index, follow, max-snippet:-1, max-image-preview:large, max-video-preview:-1\" \/>\n<link rel=\"canonical\" href=\"https:\/\/metingroup.com.tr\/insan-kaynaklari\/\" \/>\n<meta property=\"og:locale\" content=\"en_US\" \/>\n<meta property=\"og:type\" content=\"article\" \/>\n<meta property=\"og:title\" content=\"Human Resources - Metin Group\" \/>\n<meta property=\"og:description\" content=\"[vc_row][vc_column width=&#8221;1\/2&#8243;][vc_column_text] Our Human Resources Policy [\/vc_column_text][vc_column_text]As Metin Group, our human resources policy; To choose our family members with the right person principle, Organizing and improving the trainings they need, Measuring potential and...\" \/>\n<meta property=\"og:url\" content=\"https:\/\/metingroup.com.tr\/insan-kaynaklari\/\" \/>\n<meta property=\"og:site_name\" content=\"Metin Group\" \/>\n<meta property=\"article:modified_time\" content=\"2019-12-29T17:23:49+00:00\" \/>\n<meta name=\"twitter:card\" content=\"summary_large_image\" \/>\n<meta name=\"twitter:label1\" content=\"Est. reading time\" \/>\n\t<meta name=\"twitter:data1\" content=\"2 minutes\" \/>\n<script type=\"application\/ld+json\" class=\"yoast-schema-graph\">{\"@context\":\"https:\/\/schema.org\",\"@graph\":[{\"@type\":\"WebPage\",\"@id\":\"https:\/\/metingroup.com.tr\/insan-kaynaklari\/\",\"url\":\"https:\/\/metingroup.com.tr\/insan-kaynaklari\/\",\"name\":\"Human Resources - Metin Group\",\"isPartOf\":{\"@id\":\"https:\/\/metingroup.com.tr\/#website\"},\"datePublished\":\"2019-04-08T10:21:49+00:00\",\"dateModified\":\"2019-12-29T17:23:49+00:00\",\"breadcrumb\":{\"@id\":\"https:\/\/metingroup.com.tr\/insan-kaynaklari\/#breadcrumb\"},\"inLanguage\":\"en-US\",\"potentialAction\":[{\"@type\":\"ReadAction\",\"target\":[\"https:\/\/metingroup.com.tr\/insan-kaynaklari\/\"]}]},{\"@type\":\"BreadcrumbList\",\"@id\":\"https:\/\/metingroup.com.tr\/insan-kaynaklari\/#breadcrumb\",\"itemListElement\":[{\"@type\":\"ListItem\",\"position\":1,\"name\":\"Ana sayfa\",\"item\":\"https:\/\/metingroup.com.tr\/en\/\"},{\"@type\":\"ListItem\",\"position\":2,\"name\":\"Human Resources\"}]},{\"@type\":\"WebSite\",\"@id\":\"https:\/\/metingroup.com.tr\/#website\",\"url\":\"https:\/\/metingroup.com.tr\/\",\"name\":\"Metin Group\",\"description\":\"Uluslararas\u0131 Ta\u015f\u0131mac\u0131l\u0131k\",\"publisher\":{\"@id\":\"https:\/\/metingroup.com.tr\/#organization\"},\"potentialAction\":[{\"@type\":\"SearchAction\",\"target\":{\"@type\":\"EntryPoint\",\"urlTemplate\":\"https:\/\/metingroup.com.tr\/?s={search_term_string}\"},\"query-input\":\"required name=search_term_string\"}],\"inLanguage\":\"en-US\"},{\"@type\":\"Organization\",\"@id\":\"https:\/\/metingroup.com.tr\/#organization\",\"name\":\"Metin Group\",\"url\":\"https:\/\/metingroup.com.tr\/\",\"logo\":{\"@type\":\"ImageObject\",\"inLanguage\":\"en-US\",\"@id\":\"https:\/\/metingroup.com.tr\/#\/schema\/logo\/image\/\",\"url\":\"https:\/\/metingroup.com.tr\/wp-content\/uploads\/2023\/07\/logo.png\",\"contentUrl\":\"https:\/\/metingroup.com.tr\/wp-content\/uploads\/2023\/07\/logo.png\",\"width\":250,\"height\":60,\"caption\":\"Metin Group\"},\"image\":{\"@id\":\"https:\/\/metingroup.com.tr\/#\/schema\/logo\/image\/\"}}]}<\/script>\n<!-- \/ Yoast SEO plugin. -->","yoast_head_json":{"title":"Human Resources - Metin Group","robots":{"index":"index","follow":"follow","max-snippet":"max-snippet:-1","max-image-preview":"max-image-preview:large","max-video-preview":"max-video-preview:-1"},"canonical":"https:\/\/metingroup.com.tr\/insan-kaynaklari\/","og_locale":"en_US","og_type":"article","og_title":"Human Resources - Metin Group","og_description":"[vc_row][vc_column width=&#8221;1\/2&#8243;][vc_column_text] Our Human Resources Policy [\/vc_column_text][vc_column_text]As Metin Group, our human resources policy; To choose our family members with the right person principle, Organizing and improving the trainings they need, Measuring potential and...","og_url":"https:\/\/metingroup.com.tr\/insan-kaynaklari\/","og_site_name":"Metin Group","article_modified_time":"2019-12-29T17:23:49+00:00","twitter_card":"summary_large_image","twitter_misc":{"Est. reading time":"2 minutes"},"schema":{"@context":"https:\/\/schema.org","@graph":[{"@type":"WebPage","@id":"https:\/\/metingroup.com.tr\/insan-kaynaklari\/","url":"https:\/\/metingroup.com.tr\/insan-kaynaklari\/","name":"Human Resources - Metin Group","isPartOf":{"@id":"https:\/\/metingroup.com.tr\/#website"},"datePublished":"2019-04-08T10:21:49+00:00","dateModified":"2019-12-29T17:23:49+00:00","breadcrumb":{"@id":"https:\/\/metingroup.com.tr\/insan-kaynaklari\/#breadcrumb"},"inLanguage":"en-US","potentialAction":[{"@type":"ReadAction","target":["https:\/\/metingroup.com.tr\/insan-kaynaklari\/"]}]},{"@type":"BreadcrumbList","@id":"https:\/\/metingroup.com.tr\/insan-kaynaklari\/#breadcrumb","itemListElement":[{"@type":"ListItem","position":1,"name":"Ana sayfa","item":"https:\/\/metingroup.com.tr\/en\/"},{"@type":"ListItem","position":2,"name":"Human Resources"}]},{"@type":"WebSite","@id":"https:\/\/metingroup.com.tr\/#website","url":"https:\/\/metingroup.com.tr\/","name":"Metin Group","description":"Uluslararas\u0131 Ta\u015f\u0131mac\u0131l\u0131k","publisher":{"@id":"https:\/\/metingroup.com.tr\/#organization"},"potentialAction":[{"@type":"SearchAction","target":{"@type":"EntryPoint","urlTemplate":"https:\/\/metingroup.com.tr\/?s={search_term_string}"},"query-input":"required name=search_term_string"}],"inLanguage":"en-US"},{"@type":"Organization","@id":"https:\/\/metingroup.com.tr\/#organization","name":"Metin Group","url":"https:\/\/metingroup.com.tr\/","logo":{"@type":"ImageObject","inLanguage":"en-US","@id":"https:\/\/metingroup.com.tr\/#\/schema\/logo\/image\/","url":"https:\/\/metingroup.com.tr\/wp-content\/uploads\/2023\/07\/logo.png","contentUrl":"https:\/\/metingroup.com.tr\/wp-content\/uploads\/2023\/07\/logo.png","width":250,"height":60,"caption":"Metin Group"},"image":{"@id":"https:\/\/metingroup.com.tr\/#\/schema\/logo\/image\/"}}]}},"_links":{"self":[{"href":"https:\/\/metingroup.com.tr\/en\/wp-json\/wp\/v2\/pages\/2366"}],"collection":[{"href":"https:\/\/metingroup.com.tr\/en\/wp-json\/wp\/v2\/pages"}],"about":[{"href":"https:\/\/metingroup.com.tr\/en\/wp-json\/wp\/v2\/types\/page"}],"author":[{"embeddable":true,"href":"https:\/\/metingroup.com.tr\/en\/wp-json\/wp\/v2\/users\/1"}],"replies":[{"embeddable":true,"href":"https:\/\/metingroup.com.tr\/en\/wp-json\/wp\/v2\/comments?post=2366"}],"version-history":[{"count":4,"href":"https:\/\/metingroup.com.tr\/en\/wp-json\/wp\/v2\/pages\/2366\/revisions"}],"predecessor-version":[{"id":2427,"href":"https:\/\/metingroup.com.tr\/en\/wp-json\/wp\/v2\/pages\/2366\/revisions\/2427"}],"wp:attachment":[{"href":"https:\/\/metingroup.com.tr\/en\/wp-json\/wp\/v2\/media?parent=2366"}],"curies":[{"name":"wp","href":"https:\/\/api.w.org\/{rel}","templated":true}]}}